{"id":877,"date":"2026-02-10T13:38:50","date_gmt":"2026-02-10T13:38:50","guid":{"rendered":"https:\/\/fotografiaikawa.pl\/?page_id=877"},"modified":"2026-02-10T13:51:54","modified_gmt":"2026-02-10T13:51:54","slug":"podroze","status":"publish","type":"page","link":"https:\/\/fotografiaikawa.pl\/index.php\/podroze\/","title":{"rendered":"Podr\u00f3\u017ce"},"content":{"rendered":"\n<p class=\"has-large-font-size\">Spis tre\u015bci<\/p>\n\n\n\n<h2 class=\"wp-block-heading has-medium-font-size\"><a href=\"https:\/\/fotografiaikawa.pl\/index.php\/2026\/01\/15\/ayia-napa-cypryjski-raj-ktory-zaskakuje-nie-tylko-imprezami\/\" type=\"link\" id=\"https:\/\/fotografiaikawa.pl\/index.php\/2026\/01\/15\/ayia-napa-cypryjski-raj-ktory-zaskakuje-nie-tylko-imprezami\/\" target=\"_blank\" rel=\"noreferrer noopener\">Cypr<\/a><\/h2>\n\n\n\n<p><\/p>\n","protected":false},"excerpt":{"rendered":"<p>Spis tre\u015bci Cypr<\/p>\n","protected":false},"author":1,"featured_media":0,"parent":0,"menu_order":0,"comment_status":"closed","ping_status":"closed","template":"","meta":{"footnotes":""},"class_list":["post-877","page","type-page","status-publish","hentry"],"yoast_head":"<!-- This site is optimized with the Yoast SEO plugin v27.4 - https:\/\/yoast.com\/product\/yoast-seo-wordpress\/ -->\n<title>Podr\u00f3\u017ce -<\/title>\n<meta name=\"description\" content=\"Fotografia i kawa Podr\u00f3\u017ce Obraz D\u017awi\u0119k\" \/>\n<meta name=\"robots\" content=\"index, follow, max-snippet:-1, max-image-preview:large, max-video-preview:-1\" \/>\n<link rel=\"canonical\" href=\"https:\/\/fotografiaikawa.pl\/index.php\/podroze\/\" \/>\n<meta property=\"og:locale\" content=\"pl_PL\" \/>\n<meta property=\"og:type\" content=\"article\" \/>\n<meta property=\"og:title\" content=\"Podr\u00f3\u017ce -\" \/>\n<meta property=\"og:description\" content=\"Fotografia i kawa Podr\u00f3\u017ce Obraz D\u017awi\u0119k\" \/>\n<meta property=\"og:url\" content=\"https:\/\/fotografiaikawa.pl\/index.php\/podroze\/\" \/>\n<meta property=\"article:modified_time\" content=\"2026-02-10T13:51:54+00:00\" \/>\n<meta name=\"twitter:card\" content=\"summary_large_image\" \/>\n<meta name=\"twitter:label1\" content=\"Szacowany czas czytania\" \/>\n\t<meta name=\"twitter:data1\" content=\"1 minuta\" \/>\n<script type=\"application\/ld+json\" class=\"yoast-schema-graph\">{\"@context\":\"https:\\\/\\\/schema.org\",\"@graph\":[{\"@type\":\"WebPage\",\"@id\":\"https:\\\/\\\/fotografiaikawa.pl\\\/index.php\\\/podroze\\\/\",\"url\":\"https:\\\/\\\/fotografiaikawa.pl\\\/index.php\\\/podroze\\\/\",\"name\":\"Podr\u00f3\u017ce -\",\"isPartOf\":{\"@id\":\"https:\\\/\\\/fotografiaikawa.pl\\\/#website\"},\"datePublished\":\"2026-02-10T13:38:50+00:00\",\"dateModified\":\"2026-02-10T13:51:54+00:00\",\"description\":\"Fotografia i kawa Podr\u00f3\u017ce Obraz D\u017awi\u0119k\",\"breadcrumb\":{\"@id\":\"https:\\\/\\\/fotografiaikawa.pl\\\/index.php\\\/podroze\\\/#breadcrumb\"},\"inLanguage\":\"pl-PL\",\"potentialAction\":[{\"@type\":\"ReadAction\",\"target\":[\"https:\\\/\\\/fotografiaikawa.pl\\\/index.php\\\/podroze\\\/\"]}]},{\"@type\":\"BreadcrumbList\",\"@id\":\"https:\\\/\\\/fotografiaikawa.pl\\\/index.php\\\/podroze\\\/#breadcrumb\",\"itemListElement\":[{\"@type\":\"ListItem\",\"position\":1,\"name\":\"Home\",\"item\":\"https:\\\/\\\/fotografiaikawa.pl\\\/\"},{\"@type\":\"ListItem\",\"position\":2,\"name\":\"Podr\u00f3\u017ce\"}]},{\"@type\":\"WebSite\",\"@id\":\"https:\\\/\\\/fotografiaikawa.pl\\\/#website\",\"url\":\"https:\\\/\\\/fotografiaikawa.pl\\\/\",\"name\":\"fotografiaikawa.pl\",\"description\":\"\",\"publisher\":{\"@id\":\"https:\\\/\\\/fotografiaikawa.pl\\\/#\\\/schema\\\/person\\\/a18c263cd591065ed4c6961861bf6261\"},\"alternateName\":\"fotografia i kawa\",\"potentialAction\":[{\"@type\":\"SearchAction\",\"target\":{\"@type\":\"EntryPoint\",\"urlTemplate\":\"https:\\\/\\\/fotografiaikawa.pl\\\/?s={search_term_string}\"},\"query-input\":{\"@type\":\"PropertyValueSpecification\",\"valueRequired\":true,\"valueName\":\"search_term_string\"}}],\"inLanguage\":\"pl-PL\"},{\"@type\":[\"Person\",\"Organization\"],\"@id\":\"https:\\\/\\\/fotografiaikawa.pl\\\/#\\\/schema\\\/person\\\/a18c263cd591065ed4c6961861bf6261\",\"name\":\"Fotografia i kawa\",\"image\":{\"@type\":\"ImageObject\",\"inLanguage\":\"pl-PL\",\"@id\":\"https:\\\/\\\/secure.gravatar.com\\\/avatar\\\/6541f644f50dfdf6caed258f365bfa92a051a86bed05bb3d187ba7b67e9ca971?s=96&d=initials&r=g&initials=ga\",\"url\":\"https:\\\/\\\/secure.gravatar.com\\\/avatar\\\/6541f644f50dfdf6caed258f365bfa92a051a86bed05bb3d187ba7b67e9ca971?s=96&d=initials&r=g&initials=ga\",\"contentUrl\":\"https:\\\/\\\/secure.gravatar.com\\\/avatar\\\/6541f644f50dfdf6caed258f365bfa92a051a86bed05bb3d187ba7b67e9ca971?s=96&d=initials&r=g&initials=ga\",\"caption\":\"Fotografia i kawa\"},\"logo\":{\"@id\":\"https:\\\/\\\/secure.gravatar.com\\\/avatar\\\/6541f644f50dfdf6caed258f365bfa92a051a86bed05bb3d187ba7b67e9ca971?s=96&d=initials&r=g&initials=ga\"},\"sameAs\":[\"http:\\\/\\\/fotografiaikawa.pl\",\"https:\\\/\\\/www.instagram.com\\\/fotografia_i_kawa\\\/#\",\"https:\\\/\\\/pinterest.com\\\/fotografiaikawa\"]}]}<\/script>\n<!-- \/ Yoast SEO plugin. -->","yoast_head_json":{"title":"Podr\u00f3\u017ce -","description":"Fotografia i kawa Podr\u00f3\u017ce Obraz D\u017awi\u0119k","robots":{"index":"index","follow":"follow","max-snippet":"max-snippet:-1","max-image-preview":"max-image-preview:large","max-video-preview":"max-video-preview:-1"},"canonical":"https:\/\/fotografiaikawa.pl\/index.php\/podroze\/","og_locale":"pl_PL","og_type":"article","og_title":"Podr\u00f3\u017ce -","og_description":"Fotografia i kawa Podr\u00f3\u017ce Obraz D\u017awi\u0119k","og_url":"https:\/\/fotografiaikawa.pl\/index.php\/podroze\/","article_modified_time":"2026-02-10T13:51:54+00:00","twitter_card":"summary_large_image","twitter_misc":{"Szacowany czas czytania":"1 minuta"},"schema":{"@context":"https:\/\/schema.org","@graph":[{"@type":"WebPage","@id":"https:\/\/fotografiaikawa.pl\/index.php\/podroze\/","url":"https:\/\/fotografiaikawa.pl\/index.php\/podroze\/","name":"Podr\u00f3\u017ce -","isPartOf":{"@id":"https:\/\/fotografiaikawa.pl\/#website"},"datePublished":"2026-02-10T13:38:50+00:00","dateModified":"2026-02-10T13:51:54+00:00","description":"Fotografia i kawa Podr\u00f3\u017ce Obraz D\u017awi\u0119k","breadcrumb":{"@id":"https:\/\/fotografiaikawa.pl\/index.php\/podroze\/#breadcrumb"},"inLanguage":"pl-PL","potentialAction":[{"@type":"ReadAction","target":["https:\/\/fotografiaikawa.pl\/index.php\/podroze\/"]}]},{"@type":"BreadcrumbList","@id":"https:\/\/fotografiaikawa.pl\/index.php\/podroze\/#breadcrumb","itemListElement":[{"@type":"ListItem","position":1,"name":"Home","item":"https:\/\/fotografiaikawa.pl\/"},{"@type":"ListItem","position":2,"name":"Podr\u00f3\u017ce"}]},{"@type":"WebSite","@id":"https:\/\/fotografiaikawa.pl\/#website","url":"https:\/\/fotografiaikawa.pl\/","name":"fotografiaikawa.pl","description":"","publisher":{"@id":"https:\/\/fotografiaikawa.pl\/#\/schema\/person\/a18c263cd591065ed4c6961861bf6261"},"alternateName":"fotografia i kawa","potentialAction":[{"@type":"SearchAction","target":{"@type":"EntryPoint","urlTemplate":"https:\/\/fotografiaikawa.pl\/?s={search_term_string}"},"query-input":{"@type":"PropertyValueSpecification","valueRequired":true,"valueName":"search_term_string"}}],"inLanguage":"pl-PL"},{"@type":["Person","Organization"],"@id":"https:\/\/fotografiaikawa.pl\/#\/schema\/person\/a18c263cd591065ed4c6961861bf6261","name":"Fotografia i kawa","image":{"@type":"ImageObject","inLanguage":"pl-PL","@id":"https:\/\/secure.gravatar.com\/avatar\/6541f644f50dfdf6caed258f365bfa92a051a86bed05bb3d187ba7b67e9ca971?s=96&d=initials&r=g&initials=ga","url":"https:\/\/secure.gravatar.com\/avatar\/6541f644f50dfdf6caed258f365bfa92a051a86bed05bb3d187ba7b67e9ca971?s=96&d=initials&r=g&initials=ga","contentUrl":"https:\/\/secure.gravatar.com\/avatar\/6541f644f50dfdf6caed258f365bfa92a051a86bed05bb3d187ba7b67e9ca971?s=96&d=initials&r=g&initials=ga","caption":"Fotografia i kawa"},"logo":{"@id":"https:\/\/secure.gravatar.com\/avatar\/6541f644f50dfdf6caed258f365bfa92a051a86bed05bb3d187ba7b67e9ca971?s=96&d=initials&r=g&initials=ga"},"sameAs":["http:\/\/fotografiaikawa.pl","https:\/\/www.instagram.com\/fotografia_i_kawa\/#","https:\/\/pinterest.com\/fotografiaikawa"]}]}},"_links":{"self":[{"href":"https:\/\/fotografiaikawa.pl\/index.php\/wp-json\/wp\/v2\/pages\/877","targetHints":{"allow":["GET"]}}],"collection":[{"href":"https:\/\/fotografiaikawa.pl\/index.php\/wp-json\/wp\/v2\/pages"}],"about":[{"href":"https:\/\/fotografiaikawa.pl\/index.php\/wp-json\/wp\/v2\/types\/page"}],"author":[{"embeddable":true,"href":"https:\/\/fotografiaikawa.pl\/index.php\/wp-json\/wp\/v2\/users\/1"}],"replies":[{"embeddable":true,"href":"https:\/\/fotografiaikawa.pl\/index.php\/wp-json\/wp\/v2\/comments?post=877"}],"version-history":[{"count":3,"href":"https:\/\/fotografiaikawa.pl\/index.php\/wp-json\/wp\/v2\/pages\/877\/revisions"}],"predecessor-version":[{"id":889,"href":"https:\/\/fotografiaikawa.pl\/index.php\/wp-json\/wp\/v2\/pages\/877\/revisions\/889"}],"wp:attachment":[{"href":"https:\/\/fotografiaikawa.pl\/index.php\/wp-json\/wp\/v2\/media?parent=877"}],"curies":[{"name":"wp","href":"https:\/\/api.w.org\/{rel}","templated":true}]}}