{"id":870,"date":"2026-02-10T13:27:07","date_gmt":"2026-02-10T13:27:07","guid":{"rendered":"https:\/\/fotografiaikawa.pl\/?page_id=870"},"modified":"2026-02-10T13:28:01","modified_gmt":"2026-02-10T13:28:01","slug":"galeria","status":"publish","type":"page","link":"https:\/\/fotografiaikawa.pl\/index.php\/galeria\/","title":{"rendered":"Galeria"},"content":{"rendered":"\n<blockquote class=\"wp-block-quote is-layout-flow wp-block-quote-is-layout-flow\">\n<p>Kadry z podr\u00f3\u017cy -tych bliskich i dalekich. Autentyczne miejsca, prawdziwe kolory i \u015bwiat\u0142o, kt\u00f3re tworzy histori\u0119. Kliknij i przenie\u015b si\u0119 tam na chwil\u0119.<\/p>\n<\/blockquote>\n\n\n<style>.kb-row-layout-id870_cbe194-80 > .kt-row-column-wrap{align-content:start;}:where(.kb-row-layout-id870_cbe194-80 > .kt-row-column-wrap) > .wp-block-kadence-column{justify-content:start;}.kb-row-layout-id870_cbe194-80 > .kt-row-column-wrap{column-gap:var(--global-kb-gap-md, 2rem);row-gap:var(--global-kb-gap-md, 2rem);padding-top:var(--global-kb-spacing-sm, 1.5rem);padding-bottom:var(--global-kb-spacing-sm, 1.5rem);grid-template-columns:repeat(2, minmax(0, 1fr));}.kb-row-layout-id870_cbe194-80 > .kt-row-layout-overlay{opacity:0.30;}@media all and (max-width: 1024px){.kb-row-layout-id870_cbe194-80 > .kt-row-column-wrap{grid-template-columns:repeat(2, minmax(0, 1fr));}}@media all and (max-width: 767px){.kb-row-layout-id870_cbe194-80 > .kt-row-column-wrap{grid-template-columns:minmax(0, 1fr);}}<\/style><div class=\"kb-row-layout-wrap kb-row-layout-id870_cbe194-80 alignnone wp-block-kadence-rowlayout\"><div class=\"kt-row-column-wrap kt-has-2-columns kt-row-layout-equal kt-tab-layout-inherit kt-mobile-layout-row kt-row-valign-top\">\n\n<div class=\"wp-block-kadence-column\"><div class=\"kt-inside-inner-col\"><\/div><\/div>\n\n\n\n<div class=\"wp-block-kadence-column\"><div class=\"kt-inside-inner-col\"><\/div><\/div>\n\n<\/div><\/div>\n\n<div  id=\"jtg-713\" class=\"modula modula-gallery modula-creative-gallery\" data-config=\"{&quot;height&quot;:800,&quot;tabletHeight&quot;:800,&quot;mobileHeight&quot;:800,&quot;desktopHeight&quot;:800,&quot;enableTwitter&quot;:false,&quot;enableWhatsapp&quot;:false,&quot;enableFacebook&quot;:false,&quot;enablePinterest&quot;:false,&quot;enableLinkedin&quot;:false,&quot;enableEmail&quot;:false,&quot;randomFactor&quot;:0.5,&quot;type&quot;:&quot;creative-gallery&quot;,&quot;columns&quot;:12,&quot;gutter&quot;:10,&quot;mobileGutter&quot;:10,&quot;tabletGutter&quot;:10,&quot;desktopGutter&quot;:10,&quot;enableResponsive&quot;:true,&quot;tabletColumns&quot;:2,&quot;mobileColumns&quot;:1,&quot;lazyLoad&quot;:0,&quot;lightboxOpts&quot;:{&quot;animated&quot;:true,&quot;Thumbs&quot;:{&quot;type&quot;:&quot;modern&quot;,&quot;showOnStart&quot;:false},&quot;Toolbar&quot;:{&quot;display&quot;:{&quot;right&quot;:[&quot;close&quot;]},&quot;enabled&quot;:true},&quot;Carousel&quot;:{&quot;Panzoom&quot;:{&quot;touch&quot;:true},&quot;infinite&quot;:false},&quot;keyboard&quot;:{&quot;Escape&quot;:&quot;close&quot;,&quot;Delete&quot;:&quot;close&quot;,&quot;Backspace&quot;:&quot;close&quot;,&quot;PageUp&quot;:false,&quot;PageDown&quot;:false,&quot;ArrowUp&quot;:false,&quot;ArrowDown&quot;:false,&quot;ArrowRight&quot;:false,&quot;ArrowLeft&quot;:false},&quot;touch&quot;:false,&quot;backdropClick&quot;:false,&quot;l10n&quot;:{&quot;CLOSE&quot;:&quot;Zamknij&quot;,&quot;NEXT&quot;:&quot;Nast\\u0119pny&quot;,&quot;PREV&quot;:&quot;Poprzedni&quot;,&quot;Error&quot;:&quot;Nie mo\\u017cna wczyta\\u0107 \\u017c\\u0105danej tre\\u015bci. Spr\\u00f3buj ponownie p\\u00f3\\u017aniej.&quot;,&quot;PLAY_START&quot;:&quot;Rozpocznij pokaz slajd\\u00f3w&quot;,&quot;PLAY_STOP&quot;:&quot;Zatrzymaj pokaz slajd\\u00f3w&quot;,&quot;FULL_SCREEN&quot;:&quot;Pe\\u0142ny ekran&quot;,&quot;THUMBS&quot;:&quot;Miniaturki&quot;,&quot;DOWNLOAD&quot;:&quot;Pobieranie&quot;,&quot;SHARE&quot;:&quot;Udost\\u0119pnij&quot;,&quot;ZOOM&quot;:&quot;Powi\\u0119kszenie&quot;,&quot;EMAIL&quot;:&quot;Here is the link to the image : %%image_link%% and this is the link to the gallery : %%gallery_link%%&quot;,&quot;MODAL&quot;:&quot;Mo\\u017cesz zamkn\\u0105\\u0107 t\\u0119 zawarto\\u015b\\u0107 okna modalnego za pomoc\\u0105 klawisza ESC&quot;,&quot;ERROR&quot;:&quot;Co\\u015b posz\\u0142o nie tak. Spr\\u00f3buj ponownie p\\u00f3\\u017aniej&quot;,&quot;IMAGE_ERROR&quot;:&quot;Nie znaleziono obrazka&quot;,&quot;ELEMENT_NOT_FOUND&quot;:&quot;Nie znaleziono elementu HTML&quot;,&quot;AJAX_NOT_FOUND&quot;:&quot;B\\u0142\\u0105d wczytywania AJAX: Nie znaleziono&quot;,&quot;AJAX_FORBIDDEN&quot;:&quot;B\\u0142\\u0105d wczytywania AJAX: Zabronione&quot;,&quot;IFRAME_ERROR&quot;:&quot;B\\u0142\\u0105d wczytywania strony&quot;,&quot;TOGGLE_ZOOM&quot;:&quot;Prze\\u0142\\u0105cz poziom powi\\u0119kszenia&quot;,&quot;TOGGLE_THUMBS&quot;:&quot;Prze\\u0142\\u0105cz miniaturki&quot;,&quot;TOGGLE_SLIDESHOW&quot;:&quot;Prze\\u0142\\u0105cz pokaz slajd\\u00f3w&quot;,&quot;TOGGLE_FULLSCREEN&quot;:&quot;Prze\\u0142\\u0105cz tryb pe\\u0142noekranowy&quot;},&quot;Images&quot;:{&quot;Panzoom&quot;:{&quot;maxScale&quot;:2}},&quot;mainClass&quot;:&quot;modula-fancybox-container modula-lightbox-jtg-713&quot;,&quot;Html&quot;:{&quot;videoAutoplay&quot;:0,&quot;videoTpl&quot;:&quot;&lt;video class=\\&quot;fancybox__html5video\\&quot; controls muted playsinline controlsList controlsList=\\&quot;nodownload\\&quot; poster=\\&quot;{{poster}}\\&quot; src=\\&quot;{{src}}\\&quot; type=\\&quot;{{format}}\\&quot; &gt;  Sorry, your browser doesn&#039;t support embedded videos, &lt;a href=\\&quot;{{src}}\\&quot;&gt; download &lt;\\\/a&gt; and watch with your favorite video player! &lt;\\\/video&gt;&quot;}},&quot;inView&quot;:false,&quot;email_subject&quot;:&quot;Sprawd\\u017a ten niesamowity obrazek!&quot;,&quot;email_message&quot;:&quot;Oto odno\\u015bnik do obrazka: %%image_link%%, a oto odno\\u015bnik do galerii: %%gallery_link%%&quot;,&quot;lightbox&quot;:&quot;fancybox&quot;}\">\n\n\t\n\t<div  class=\"modula-items\">\n\t\t<div class=\"modula-item effect-pufrobo\" >\n\t<div class=\"modula-item-overlay\"><\/div>\n\n\t<div class=\"modula-item-content\">\n\n\t\t<a data-image-id=\"632\" role=\"button\" tabindex=\"0\" rel=\"jtg-713\" data-caption=\"\" aria-label=\"Otw\u00f3rz obrazek w lightboxie\" class=\"tile-inner modula-item-link\"><\/a><img decoding=\"async\" class=\"pic wp-image-632\"  data-valign=\"middle\" data-halign=\"center\" alt=\"Szczyrk\" data-full=\"https:\/\/fotografiaikawa.pl\/wp-content\/uploads\/2026\/01\/gosciniec-salmopolski-wedzenie-ryb.jpg\" title=\"gosciniec salmopolski wedzenie ryb\" crop=\"\" width=\"300\" height=\"225\" src=\"https:\/\/fotografiaikawa.pl\/wp-content\/uploads\/2026\/01\/gosciniec-salmopolski-wedzenie-ryb-300x225.jpg\" data-src=\"https:\/\/fotografiaikawa.pl\/wp-content\/uploads\/2026\/01\/gosciniec-salmopolski-wedzenie-ryb-300x225.jpg\" data-caption=\"\" srcset=\"https:\/\/fotografiaikawa.pl\/wp-content\/uploads\/2026\/01\/gosciniec-salmopolski-wedzenie-ryb-scaled.jpg 2560w, https:\/\/fotografiaikawa.pl\/wp-content\/uploads\/2026\/01\/gosciniec-salmopolski-wedzenie-ryb-scaled-300x225.jpg 300w, https:\/\/fotografiaikawa.pl\/wp-content\/uploads\/2026\/01\/gosciniec-salmopolski-wedzenie-ryb-1024x768.jpg 1024w, https:\/\/fotografiaikawa.pl\/wp-content\/uploads\/2026\/01\/gosciniec-salmopolski-wedzenie-ryb-768x576.jpg 768w, https:\/\/fotografiaikawa.pl\/wp-content\/uploads\/2026\/01\/gosciniec-salmopolski-wedzenie-ryb-1536x1152.jpg 1536w, https:\/\/fotografiaikawa.pl\/wp-content\/uploads\/2026\/01\/gosciniec-salmopolski-wedzenie-ryb-2048x1536.jpg 2048w, https:\/\/fotografiaikawa.pl\/wp-content\/uploads\/2026\/01\/gosciniec-salmopolski-wedzenie-ryb-1140x855.jpg 1140w\" sizes=\"(max-width: 300px) 100vw, 300px\" \/>\n\t\t<div class=\"figc no-description\">\n\t\t\t<div class=\"figc-inner\">\n\t\t\t\t\t\t\t\t\t\t\t\t\t\t\t<\/div>\n\t\t<\/div>\n\n\t<\/div>\n\n<\/div><div class=\"modula-item effect-pufrobo\" >\n\t<div class=\"modula-item-overlay\"><\/div>\n\n\t<div class=\"modula-item-content\">\n\n\t\t<a data-image-id=\"612\" role=\"button\" tabindex=\"0\" rel=\"jtg-713\" data-caption=\"\" aria-label=\"Otw\u00f3rz obrazek w lightboxie\" class=\"tile-inner modula-item-link\"><\/a><img decoding=\"async\" class=\"pic wp-image-612\"  data-valign=\"middle\" data-halign=\"center\" alt=\"Szczyrk\" data-full=\"https:\/\/fotografiaikawa.pl\/wp-content\/uploads\/2026\/01\/Szczyrk-Gosciniec-Salmopolski.jpg\" title=\"Szczyrk Gosciniec Salmopolski\" crop=\"\" width=\"300\" height=\"225\" src=\"https:\/\/fotografiaikawa.pl\/wp-content\/uploads\/2026\/01\/Szczyrk-Gosciniec-Salmopolski-300x225.jpg\" data-src=\"https:\/\/fotografiaikawa.pl\/wp-content\/uploads\/2026\/01\/Szczyrk-Gosciniec-Salmopolski-300x225.jpg\" data-caption=\"\" srcset=\"https:\/\/fotografiaikawa.pl\/wp-content\/uploads\/2026\/01\/Szczyrk-Gosciniec-Salmopolski-scaled.jpg 2560w, https:\/\/fotografiaikawa.pl\/wp-content\/uploads\/2026\/01\/Szczyrk-Gosciniec-Salmopolski-scaled-300x225.jpg 300w, https:\/\/fotografiaikawa.pl\/wp-content\/uploads\/2026\/01\/Szczyrk-Gosciniec-Salmopolski-1024x768.jpg 1024w, https:\/\/fotografiaikawa.pl\/wp-content\/uploads\/2026\/01\/Szczyrk-Gosciniec-Salmopolski-768x576.jpg 768w, https:\/\/fotografiaikawa.pl\/wp-content\/uploads\/2026\/01\/Szczyrk-Gosciniec-Salmopolski-1536x1152.jpg 1536w, https:\/\/fotografiaikawa.pl\/wp-content\/uploads\/2026\/01\/Szczyrk-Gosciniec-Salmopolski-2048x1536.jpg 2048w, https:\/\/fotografiaikawa.pl\/wp-content\/uploads\/2026\/01\/Szczyrk-Gosciniec-Salmopolski-1140x855.jpg 1140w\" sizes=\"(max-width: 300px) 100vw, 300px\" \/>\n\t\t<div class=\"figc no-description\">\n\t\t\t<div class=\"figc-inner\">\n\t\t\t\t\t\t\t\t\t\t\t\t\t\t\t<\/div>\n\t\t<\/div>\n\n\t<\/div>\n\n<\/div><div class=\"modula-item effect-pufrobo\" >\n\t<div class=\"modula-item-overlay\"><\/div>\n\n\t<div class=\"modula-item-content\">\n\n\t\t<a data-image-id=\"607\" role=\"button\" tabindex=\"0\" rel=\"jtg-713\" data-caption=\"\" aria-label=\"Otw\u00f3rz obrazek w lightboxie\" class=\"tile-inner modula-item-link\"><\/a><img decoding=\"async\" class=\"pic wp-image-607\"  data-valign=\"middle\" data-halign=\"center\" alt=\"Szczyrk\" data-full=\"https:\/\/fotografiaikawa.pl\/wp-content\/uploads\/2026\/01\/IMG_20250610_190535226.jpg\" title=\"Stary M\u0142yn Restauracja Silveretta Szczyrk\" crop=\"\" width=\"300\" height=\"225\" src=\"https:\/\/fotografiaikawa.pl\/wp-content\/uploads\/2026\/01\/IMG_20250610_190535226-300x225.jpg\" data-src=\"https:\/\/fotografiaikawa.pl\/wp-content\/uploads\/2026\/01\/IMG_20250610_190535226-300x225.jpg\" data-caption=\"\" srcset=\"https:\/\/fotografiaikawa.pl\/wp-content\/uploads\/2026\/01\/IMG_20250610_190535226-scaled.jpg 2560w, https:\/\/fotografiaikawa.pl\/wp-content\/uploads\/2026\/01\/IMG_20250610_190535226-scaled-300x225.jpg 300w, https:\/\/fotografiaikawa.pl\/wp-content\/uploads\/2026\/01\/IMG_20250610_190535226-1024x768.jpg 1024w, https:\/\/fotografiaikawa.pl\/wp-content\/uploads\/2026\/01\/IMG_20250610_190535226-768x576.jpg 768w, https:\/\/fotografiaikawa.pl\/wp-content\/uploads\/2026\/01\/IMG_20250610_190535226-1536x1152.jpg 1536w, https:\/\/fotografiaikawa.pl\/wp-content\/uploads\/2026\/01\/IMG_20250610_190535226-2048x1536.jpg 2048w, https:\/\/fotografiaikawa.pl\/wp-content\/uploads\/2026\/01\/IMG_20250610_190535226-1140x855.jpg 1140w\" sizes=\"(max-width: 300px) 100vw, 300px\" \/>\n\t\t<div class=\"figc no-description\">\n\t\t\t<div class=\"figc-inner\">\n\t\t\t\t\t\t\t\t\t\t\t\t\t\t\t<\/div>\n\t\t<\/div>\n\n\t<\/div>\n\n<\/div><div class=\"modula-item effect-pufrobo\" >\n\t<div class=\"modula-item-overlay\"><\/div>\n\n\t<div class=\"modula-item-content\">\n\n\t\t<a data-image-id=\"608\" role=\"button\" tabindex=\"0\" rel=\"jtg-713\" data-caption=\"\" aria-label=\"Otw\u00f3rz obrazek w lightboxie\" class=\"tile-inner modula-item-link\"><\/a><img decoding=\"async\" class=\"pic wp-image-608\"  data-valign=\"middle\" data-halign=\"center\" alt=\"Sanktuarium Matki Bo\u017cej Kr\u00f3lowej Polski\" data-full=\"https:\/\/fotografiaikawa.pl\/wp-content\/uploads\/2026\/01\/Szczyrk-Sanktuarium.jpg\" title=\"Szczyrk Sanktuarium na g\u00f3rce\" crop=\"\" width=\"300\" height=\"225\" src=\"https:\/\/fotografiaikawa.pl\/wp-content\/uploads\/2026\/01\/Szczyrk-Sanktuarium-300x225.jpg\" data-src=\"https:\/\/fotografiaikawa.pl\/wp-content\/uploads\/2026\/01\/Szczyrk-Sanktuarium-300x225.jpg\" data-caption=\"\" srcset=\"https:\/\/fotografiaikawa.pl\/wp-content\/uploads\/2026\/01\/Szczyrk-Sanktuarium-scaled.jpg 2560w, https:\/\/fotografiaikawa.pl\/wp-content\/uploads\/2026\/01\/Szczyrk-Sanktuarium-scaled-300x225.jpg 300w, https:\/\/fotografiaikawa.pl\/wp-content\/uploads\/2026\/01\/Szczyrk-Sanktuarium-1024x768.jpg 1024w, https:\/\/fotografiaikawa.pl\/wp-content\/uploads\/2026\/01\/Szczyrk-Sanktuarium-768x576.jpg 768w, https:\/\/fotografiaikawa.pl\/wp-content\/uploads\/2026\/01\/Szczyrk-Sanktuarium-1536x1152.jpg 1536w, https:\/\/fotografiaikawa.pl\/wp-content\/uploads\/2026\/01\/Szczyrk-Sanktuarium-2048x1536.jpg 2048w, https:\/\/fotografiaikawa.pl\/wp-content\/uploads\/2026\/01\/Szczyrk-Sanktuarium-1140x855.jpg 1140w\" sizes=\"(max-width: 300px) 100vw, 300px\" \/>\n\t\t<div class=\"figc no-description\">\n\t\t\t<div class=\"figc-inner\">\n\t\t\t\t\t\t\t\t\t\t\t\t\t\t\t<\/div>\n\t\t<\/div>\n\n\t<\/div>\n\n<\/div><div class=\"modula-item effect-pufrobo\" >\n\t<div class=\"modula-item-overlay\"><\/div>\n\n\t<div class=\"modula-item-content\">\n\n\t\t<a data-image-id=\"610\" role=\"button\" tabindex=\"0\" rel=\"jtg-713\" data-caption=\"\" aria-label=\"Otw\u00f3rz obrazek w lightboxie\" class=\"tile-inner modula-item-link\"><\/a><img decoding=\"async\" class=\"pic wp-image-610\"  data-valign=\"middle\" data-halign=\"center\" alt=\"Mi\u0119dzybrodzie Bialskie Mi\u0119dzybrodzie \u017bywiecki\" data-full=\"https:\/\/fotografiaikawa.pl\/wp-content\/uploads\/2026\/01\/gora-zar.jpg\" title=\"gora zar\" crop=\"\" width=\"300\" height=\"225\" src=\"https:\/\/fotografiaikawa.pl\/wp-content\/uploads\/2026\/01\/gora-zar-300x225.jpg\" data-src=\"https:\/\/fotografiaikawa.pl\/wp-content\/uploads\/2026\/01\/gora-zar-300x225.jpg\" data-caption=\"\" srcset=\"https:\/\/fotografiaikawa.pl\/wp-content\/uploads\/2026\/01\/gora-zar-scaled.jpg 2560w, https:\/\/fotografiaikawa.pl\/wp-content\/uploads\/2026\/01\/gora-zar-scaled-300x225.jpg 300w, https:\/\/fotografiaikawa.pl\/wp-content\/uploads\/2026\/01\/gora-zar-1024x768.jpg 1024w, https:\/\/fotografiaikawa.pl\/wp-content\/uploads\/2026\/01\/gora-zar-768x576.jpg 768w, https:\/\/fotografiaikawa.pl\/wp-content\/uploads\/2026\/01\/gora-zar-1536x1152.jpg 1536w, https:\/\/fotografiaikawa.pl\/wp-content\/uploads\/2026\/01\/gora-zar-2048x1536.jpg 2048w, https:\/\/fotografiaikawa.pl\/wp-content\/uploads\/2026\/01\/gora-zar-1140x855.jpg 1140w\" sizes=\"(max-width: 300px) 100vw, 300px\" \/>\n\t\t<div class=\"figc no-description\">\n\t\t\t<div class=\"figc-inner\">\n\t\t\t\t\t\t\t\t\t\t\t\t\t\t\t<\/div>\n\t\t<\/div>\n\n\t<\/div>\n\n<\/div><div class=\"modula-item effect-pufrobo\" >\n\t<div class=\"modula-item-overlay\"><\/div>\n\n\t<div class=\"modula-item-content\">\n\n\t\t<a data-image-id=\"631\" role=\"button\" tabindex=\"0\" rel=\"jtg-713\" data-caption=\"\" aria-label=\"Otw\u00f3rz obrazek w lightboxie\" class=\"tile-inner modula-item-link\"><\/a><img decoding=\"async\" class=\"pic wp-image-631\"  data-valign=\"middle\" data-halign=\"center\" alt=\"Santa Maria Dell&#039;isola\" data-full=\"https:\/\/fotografiaikawa.pl\/wp-content\/uploads\/2026\/01\/Tropea-2.jpg\" title=\"Tropea Ko\u015bci\u00f3\u0142 na wyspie w\u0142ochy\" crop=\"\" width=\"300\" height=\"225\" src=\"https:\/\/fotografiaikawa.pl\/wp-content\/uploads\/2026\/01\/Tropea-2-300x225.jpg\" data-src=\"https:\/\/fotografiaikawa.pl\/wp-content\/uploads\/2026\/01\/Tropea-2-300x225.jpg\" data-caption=\"\" srcset=\"https:\/\/fotografiaikawa.pl\/wp-content\/uploads\/2026\/01\/Tropea-2-scaled.jpg 2560w, https:\/\/fotografiaikawa.pl\/wp-content\/uploads\/2026\/01\/Tropea-2-scaled-300x225.jpg 300w, https:\/\/fotografiaikawa.pl\/wp-content\/uploads\/2026\/01\/Tropea-2-1024x768.jpg 1024w, https:\/\/fotografiaikawa.pl\/wp-content\/uploads\/2026\/01\/Tropea-2-768x576.jpg 768w, https:\/\/fotografiaikawa.pl\/wp-content\/uploads\/2026\/01\/Tropea-2-1536x1152.jpg 1536w, https:\/\/fotografiaikawa.pl\/wp-content\/uploads\/2026\/01\/Tropea-2-2048x1536.jpg 2048w, https:\/\/fotografiaikawa.pl\/wp-content\/uploads\/2026\/01\/Tropea-2-1140x855.jpg 1140w\" sizes=\"(max-width: 300px) 100vw, 300px\" \/>\n\t\t<div class=\"figc no-description\">\n\t\t\t<div class=\"figc-inner\">\n\t\t\t\t\t\t\t\t\t\t\t\t\t\t\t<\/div>\n\t\t<\/div>\n\n\t<\/div>\n\n<\/div><div class=\"modula-item effect-pufrobo\" >\n\t<div class=\"modula-item-overlay\"><\/div>\n\n\t<div class=\"modula-item-content\">\n\n\t\t<a data-image-id=\"609\" role=\"button\" tabindex=\"0\" rel=\"jtg-713\" data-caption=\"\" aria-label=\"Otw\u00f3rz obrazek w lightboxie\" class=\"tile-inner modula-item-link\"><\/a><img decoding=\"async\" class=\"pic wp-image-609\"  data-valign=\"middle\" data-halign=\"center\" alt=\"czerwone cebule w kalabrii\" data-full=\"https:\/\/fotografiaikawa.pl\/wp-content\/uploads\/2026\/01\/Tropea-czerwona-cipola.jpg\" title=\"Tropea czerwona cipola\" crop=\"\" width=\"300\" height=\"225\" src=\"https:\/\/fotografiaikawa.pl\/wp-content\/uploads\/2026\/01\/Tropea-czerwona-cipola-300x225.jpg\" data-src=\"https:\/\/fotografiaikawa.pl\/wp-content\/uploads\/2026\/01\/Tropea-czerwona-cipola-300x225.jpg\" data-caption=\"\" srcset=\"https:\/\/fotografiaikawa.pl\/wp-content\/uploads\/2026\/01\/Tropea-czerwona-cipola-scaled.jpg 2560w, https:\/\/fotografiaikawa.pl\/wp-content\/uploads\/2026\/01\/Tropea-czerwona-cipola-scaled-300x225.jpg 300w, https:\/\/fotografiaikawa.pl\/wp-content\/uploads\/2026\/01\/Tropea-czerwona-cipola-1024x768.jpg 1024w, https:\/\/fotografiaikawa.pl\/wp-content\/uploads\/2026\/01\/Tropea-czerwona-cipola-768x576.jpg 768w, https:\/\/fotografiaikawa.pl\/wp-content\/uploads\/2026\/01\/Tropea-czerwona-cipola-1536x1152.jpg 1536w, https:\/\/fotografiaikawa.pl\/wp-content\/uploads\/2026\/01\/Tropea-czerwona-cipola-2048x1536.jpg 2048w, https:\/\/fotografiaikawa.pl\/wp-content\/uploads\/2026\/01\/Tropea-czerwona-cipola-1140x855.jpg 1140w\" sizes=\"(max-width: 300px) 100vw, 300px\" \/>\n\t\t<div class=\"figc no-description\">\n\t\t\t<div class=\"figc-inner\">\n\t\t\t\t\t\t\t\t\t\t\t\t\t\t\t<\/div>\n\t\t<\/div>\n\n\t<\/div>\n\n<\/div>\t\t\n\t<\/div>\n\n\t\n\t\n\t<script type=\"application\/ld+json\">\n\t{\n\t\t\"@context\": \"http:\/\/schema.org\",\n\t\t\"@type\"   : \"ImageGallery\",\n\t\t\"id\"      : \"https:\/\/fotografiaikawa.pl\/index.php\/galeria\/\",\n\t\t\"url\"     : \"https:\/\/fotografiaikawa.pl\/index.php\/galeria\/\"\n\t}\n\n\t<\/script>\n\n\t\n<\/div>\n","protected":false},"excerpt":{"rendered":"<p>Kadry z podr\u00f3\u017cy -tych bliskich i dalekich. Autentyczne miejsca, prawdziwe kolory i \u015bwiat\u0142o, kt\u00f3re tworzy histori\u0119. Kliknij i przenie\u015b si\u0119 tam na chwil\u0119.<\/p>\n","protected":false},"author":1,"featured_media":0,"parent":0,"menu_order":0,"comment_status":"closed","ping_status":"closed","template":"","meta":{"footnotes":""},"class_list":["post-870","page","type-page","status-publish","hentry"],"yoast_head":"<!-- This site is optimized with the Yoast SEO plugin v27.4 - https:\/\/yoast.com\/product\/yoast-seo-wordpress\/ -->\n<title>Galeria -<\/title>\n<meta name=\"description\" content=\"Fotografia i kawa Podr\u00f3\u017ce Obraz D\u017awi\u0119k\" \/>\n<meta name=\"robots\" content=\"index, follow, max-snippet:-1, max-image-preview:large, max-video-preview:-1\" \/>\n<link rel=\"canonical\" href=\"https:\/\/fotografiaikawa.pl\/index.php\/galeria\/\" \/>\n<meta property=\"og:locale\" content=\"pl_PL\" \/>\n<meta property=\"og:type\" content=\"article\" \/>\n<meta property=\"og:title\" content=\"Galeria -\" \/>\n<meta property=\"og:description\" content=\"Fotografia i kawa Podr\u00f3\u017ce Obraz D\u017awi\u0119k\" \/>\n<meta property=\"og:url\" content=\"https:\/\/fotografiaikawa.pl\/index.php\/galeria\/\" \/>\n<meta property=\"article:modified_time\" content=\"2026-02-10T13:28:01+00:00\" \/>\n<meta name=\"twitter:card\" content=\"summary_large_image\" \/>\n<script type=\"application\/ld+json\" class=\"yoast-schema-graph\">{\"@context\":\"https:\\\/\\\/schema.org\",\"@graph\":[{\"@type\":\"WebPage\",\"@id\":\"https:\\\/\\\/fotografiaikawa.pl\\\/index.php\\\/galeria\\\/\",\"url\":\"https:\\\/\\\/fotografiaikawa.pl\\\/index.php\\\/galeria\\\/\",\"name\":\"Galeria -\",\"isPartOf\":{\"@id\":\"https:\\\/\\\/fotografiaikawa.pl\\\/#website\"},\"datePublished\":\"2026-02-10T13:27:07+00:00\",\"dateModified\":\"2026-02-10T13:28:01+00:00\",\"description\":\"Fotografia i kawa Podr\u00f3\u017ce Obraz D\u017awi\u0119k\",\"breadcrumb\":{\"@id\":\"https:\\\/\\\/fotografiaikawa.pl\\\/index.php\\\/galeria\\\/#breadcrumb\"},\"inLanguage\":\"pl-PL\",\"potentialAction\":[{\"@type\":\"ReadAction\",\"target\":[\"https:\\\/\\\/fotografiaikawa.pl\\\/index.php\\\/galeria\\\/\"]}]},{\"@type\":\"BreadcrumbList\",\"@id\":\"https:\\\/\\\/fotografiaikawa.pl\\\/index.php\\\/galeria\\\/#breadcrumb\",\"itemListElement\":[{\"@type\":\"ListItem\",\"position\":1,\"name\":\"Home\",\"item\":\"https:\\\/\\\/fotografiaikawa.pl\\\/\"},{\"@type\":\"ListItem\",\"position\":2,\"name\":\"Galeria\"}]},{\"@type\":\"WebSite\",\"@id\":\"https:\\\/\\\/fotografiaikawa.pl\\\/#website\",\"url\":\"https:\\\/\\\/fotografiaikawa.pl\\\/\",\"name\":\"fotografiaikawa.pl\",\"description\":\"\",\"publisher\":{\"@id\":\"https:\\\/\\\/fotografiaikawa.pl\\\/#\\\/schema\\\/person\\\/a18c263cd591065ed4c6961861bf6261\"},\"alternateName\":\"fotografia i kawa\",\"potentialAction\":[{\"@type\":\"SearchAction\",\"target\":{\"@type\":\"EntryPoint\",\"urlTemplate\":\"https:\\\/\\\/fotografiaikawa.pl\\\/?s={search_term_string}\"},\"query-input\":{\"@type\":\"PropertyValueSpecification\",\"valueRequired\":true,\"valueName\":\"search_term_string\"}}],\"inLanguage\":\"pl-PL\"},{\"@type\":[\"Person\",\"Organization\"],\"@id\":\"https:\\\/\\\/fotografiaikawa.pl\\\/#\\\/schema\\\/person\\\/a18c263cd591065ed4c6961861bf6261\",\"name\":\"Fotografia i kawa\",\"image\":{\"@type\":\"ImageObject\",\"inLanguage\":\"pl-PL\",\"@id\":\"https:\\\/\\\/secure.gravatar.com\\\/avatar\\\/6541f644f50dfdf6caed258f365bfa92a051a86bed05bb3d187ba7b67e9ca971?s=96&d=initials&r=g&initials=ga\",\"url\":\"https:\\\/\\\/secure.gravatar.com\\\/avatar\\\/6541f644f50dfdf6caed258f365bfa92a051a86bed05bb3d187ba7b67e9ca971?s=96&d=initials&r=g&initials=ga\",\"contentUrl\":\"https:\\\/\\\/secure.gravatar.com\\\/avatar\\\/6541f644f50dfdf6caed258f365bfa92a051a86bed05bb3d187ba7b67e9ca971?s=96&d=initials&r=g&initials=ga\",\"caption\":\"Fotografia i kawa\"},\"logo\":{\"@id\":\"https:\\\/\\\/secure.gravatar.com\\\/avatar\\\/6541f644f50dfdf6caed258f365bfa92a051a86bed05bb3d187ba7b67e9ca971?s=96&d=initials&r=g&initials=ga\"},\"sameAs\":[\"http:\\\/\\\/fotografiaikawa.pl\",\"https:\\\/\\\/www.instagram.com\\\/fotografia_i_kawa\\\/#\",\"https:\\\/\\\/pinterest.com\\\/fotografiaikawa\"]}]}<\/script>\n<!-- \/ Yoast SEO plugin. -->","yoast_head_json":{"title":"Galeria -","description":"Fotografia i kawa Podr\u00f3\u017ce Obraz D\u017awi\u0119k","robots":{"index":"index","follow":"follow","max-snippet":"max-snippet:-1","max-image-preview":"max-image-preview:large","max-video-preview":"max-video-preview:-1"},"canonical":"https:\/\/fotografiaikawa.pl\/index.php\/galeria\/","og_locale":"pl_PL","og_type":"article","og_title":"Galeria -","og_description":"Fotografia i kawa Podr\u00f3\u017ce Obraz D\u017awi\u0119k","og_url":"https:\/\/fotografiaikawa.pl\/index.php\/galeria\/","article_modified_time":"2026-02-10T13:28:01+00:00","twitter_card":"summary_large_image","schema":{"@context":"https:\/\/schema.org","@graph":[{"@type":"WebPage","@id":"https:\/\/fotografiaikawa.pl\/index.php\/galeria\/","url":"https:\/\/fotografiaikawa.pl\/index.php\/galeria\/","name":"Galeria -","isPartOf":{"@id":"https:\/\/fotografiaikawa.pl\/#website"},"datePublished":"2026-02-10T13:27:07+00:00","dateModified":"2026-02-10T13:28:01+00:00","description":"Fotografia i kawa Podr\u00f3\u017ce Obraz D\u017awi\u0119k","breadcrumb":{"@id":"https:\/\/fotografiaikawa.pl\/index.php\/galeria\/#breadcrumb"},"inLanguage":"pl-PL","potentialAction":[{"@type":"ReadAction","target":["https:\/\/fotografiaikawa.pl\/index.php\/galeria\/"]}]},{"@type":"BreadcrumbList","@id":"https:\/\/fotografiaikawa.pl\/index.php\/galeria\/#breadcrumb","itemListElement":[{"@type":"ListItem","position":1,"name":"Home","item":"https:\/\/fotografiaikawa.pl\/"},{"@type":"ListItem","position":2,"name":"Galeria"}]},{"@type":"WebSite","@id":"https:\/\/fotografiaikawa.pl\/#website","url":"https:\/\/fotografiaikawa.pl\/","name":"fotografiaikawa.pl","description":"","publisher":{"@id":"https:\/\/fotografiaikawa.pl\/#\/schema\/person\/a18c263cd591065ed4c6961861bf6261"},"alternateName":"fotografia i kawa","potentialAction":[{"@type":"SearchAction","target":{"@type":"EntryPoint","urlTemplate":"https:\/\/fotografiaikawa.pl\/?s={search_term_string}"},"query-input":{"@type":"PropertyValueSpecification","valueRequired":true,"valueName":"search_term_string"}}],"inLanguage":"pl-PL"},{"@type":["Person","Organization"],"@id":"https:\/\/fotografiaikawa.pl\/#\/schema\/person\/a18c263cd591065ed4c6961861bf6261","name":"Fotografia i kawa","image":{"@type":"ImageObject","inLanguage":"pl-PL","@id":"https:\/\/secure.gravatar.com\/avatar\/6541f644f50dfdf6caed258f365bfa92a051a86bed05bb3d187ba7b67e9ca971?s=96&d=initials&r=g&initials=ga","url":"https:\/\/secure.gravatar.com\/avatar\/6541f644f50dfdf6caed258f365bfa92a051a86bed05bb3d187ba7b67e9ca971?s=96&d=initials&r=g&initials=ga","contentUrl":"https:\/\/secure.gravatar.com\/avatar\/6541f644f50dfdf6caed258f365bfa92a051a86bed05bb3d187ba7b67e9ca971?s=96&d=initials&r=g&initials=ga","caption":"Fotografia i kawa"},"logo":{"@id":"https:\/\/secure.gravatar.com\/avatar\/6541f644f50dfdf6caed258f365bfa92a051a86bed05bb3d187ba7b67e9ca971?s=96&d=initials&r=g&initials=ga"},"sameAs":["http:\/\/fotografiaikawa.pl","https:\/\/www.instagram.com\/fotografia_i_kawa\/#","https:\/\/pinterest.com\/fotografiaikawa"]}]}},"_links":{"self":[{"href":"https:\/\/fotografiaikawa.pl\/index.php\/wp-json\/wp\/v2\/pages\/870","targetHints":{"allow":["GET"]}}],"collection":[{"href":"https:\/\/fotografiaikawa.pl\/index.php\/wp-json\/wp\/v2\/pages"}],"about":[{"href":"https:\/\/fotografiaikawa.pl\/index.php\/wp-json\/wp\/v2\/types\/page"}],"author":[{"embeddable":true,"href":"https:\/\/fotografiaikawa.pl\/index.php\/wp-json\/wp\/v2\/users\/1"}],"replies":[{"embeddable":true,"href":"https:\/\/fotografiaikawa.pl\/index.php\/wp-json\/wp\/v2\/comments?post=870"}],"version-history":[{"count":2,"href":"https:\/\/fotografiaikawa.pl\/index.php\/wp-json\/wp\/v2\/pages\/870\/revisions"}],"predecessor-version":[{"id":873,"href":"https:\/\/fotografiaikawa.pl\/index.php\/wp-json\/wp\/v2\/pages\/870\/revisions\/873"}],"wp:attachment":[{"href":"https:\/\/fotografiaikawa.pl\/index.php\/wp-json\/wp\/v2\/media?parent=870"}],"curies":[{"name":"wp","href":"https:\/\/api.w.org\/{rel}","templated":true}]}}