{"id":846,"date":"2026-02-10T12:13:29","date_gmt":"2026-02-10T12:13:29","guid":{"rendered":"https:\/\/fotografiaikawa.pl\/?page_id=846"},"modified":"2026-02-11T11:22:16","modified_gmt":"2026-02-11T11:22:16","slug":"sekretne-triki","status":"publish","type":"page","link":"https:\/\/fotografiaikawa.pl\/index.php\/sekretne-triki\/","title":{"rendered":"Sekretne triki podr\u00f3\u017ce"},"content":{"rendered":"\n<p><br><\/p>\n\n\n<style>.kb-row-layout-id846_00fb17-47 > .kt-row-column-wrap{align-content:start;}:where(.kb-row-layout-id846_00fb17-47 > .kt-row-column-wrap) > .wp-block-kadence-column{justify-content:start;}.kb-row-layout-id846_00fb17-47 > .kt-row-column-wrap{column-gap:var(--global-kb-gap-md, 2rem);row-gap:var(--global-kb-gap-md, 2rem);padding-top:var(--global-kb-spacing-sm, 1.5rem);padding-bottom:var(--global-kb-spacing-sm, 1.5rem);grid-template-columns:repeat(2, minmax(0, 1fr));}.kb-row-layout-id846_00fb17-47 > .kt-row-layout-overlay{opacity:0.30;}@media all and (max-width: 1024px){.kb-row-layout-id846_00fb17-47 > .kt-row-column-wrap{grid-template-columns:repeat(2, minmax(0, 1fr));}}@media all and (max-width: 767px){.kb-row-layout-id846_00fb17-47 > .kt-row-column-wrap{grid-template-columns:minmax(0, 1fr);}}<\/style><div class=\"kb-row-layout-wrap kb-row-layout-id846_00fb17-47 alignnone wp-block-kadence-rowlayout\"><div class=\"kt-row-column-wrap kt-has-2-columns kt-row-layout-equal kt-tab-layout-inherit kt-mobile-layout-row kt-row-valign-top\">\n<style>.kadence-column846_b53c60-c2 > .kt-inside-inner-col,.kadence-column846_b53c60-c2 > .kt-inside-inner-col:before{border-top-left-radius:0px;border-top-right-radius:0px;border-bottom-right-radius:0px;border-bottom-left-radius:0px;}.kadence-column846_b53c60-c2 > .kt-inside-inner-col{column-gap:var(--global-kb-gap-sm, 1rem);}.kadence-column846_b53c60-c2 > .kt-inside-inner-col{flex-direction:column;}.kadence-column846_b53c60-c2 > .kt-inside-inner-col > .aligncenter{width:100%;}.kadence-column846_b53c60-c2 > .kt-inside-inner-col:before{opacity:0.3;}.kadence-column846_b53c60-c2{position:relative;}@media all and (max-width: 1024px){.kadence-column846_b53c60-c2 > .kt-inside-inner-col{flex-direction:column;justify-content:center;}}@media all and (max-width: 767px){.kadence-column846_b53c60-c2 > .kt-inside-inner-col{flex-direction:column;justify-content:center;}}<\/style>\n<div class=\"wp-block-kadence-column kadence-column846_b53c60-c2\"><div class=\"kt-inside-inner-col\">\n<blockquote class=\"wp-block-quote is-layout-flow wp-block-quote-is-layout-flow\">\n<p><em>Sprawdzone sposoby na ta\u0144sze loty, lepsze noclegi i restauracje, do kt\u00f3rych chodz\u0105 lokalni -nie tury\u015bci.<\/em> <em>Kliknij # i wykorzystaj trik przy kolejnej podr\u00f3\u017cy<\/em>.<\/p>\n<\/blockquote>\n<\/div><\/div>\n\n\n<style>.kadence-column846_1db569-03 > .kt-inside-inner-col,.kadence-column846_1db569-03 > .kt-inside-inner-col:before{border-top-left-radius:0px;border-top-right-radius:0px;border-bottom-right-radius:0px;border-bottom-left-radius:0px;}.kadence-column846_1db569-03 > .kt-inside-inner-col{column-gap:var(--global-kb-gap-sm, 1rem);}.kadence-column846_1db569-03 > .kt-inside-inner-col{flex-direction:column;}.kadence-column846_1db569-03 > .kt-inside-inner-col > .aligncenter{width:100%;}.kadence-column846_1db569-03 > .kt-inside-inner-col:before{opacity:0.3;}.kadence-column846_1db569-03{position:relative;}@media all and (max-width: 1024px){.kadence-column846_1db569-03 > .kt-inside-inner-col{flex-direction:column;justify-content:center;}}@media all and (max-width: 767px){.kadence-column846_1db569-03 > .kt-inside-inner-col{flex-direction:column;justify-content:center;}}<\/style>\n<div class=\"wp-block-kadence-column kadence-column846_1db569-03\"><div class=\"kt-inside-inner-col\">\n<figure class=\"wp-block-image size-large\"><img decoding=\"async\" width=\"1024\" height=\"768\" data-src=\"https:\/\/fotografiaikawa.pl\/wp-content\/uploads\/2026\/02\/PODROZ-1024x768.jpg\" alt=\"Sekretne triki\" class=\"wp-image-855 lazyload\" data-srcset=\"https:\/\/fotografiaikawa.pl\/wp-content\/uploads\/2026\/02\/PODROZ-1024x768.jpg 1024w, https:\/\/fotografiaikawa.pl\/wp-content\/uploads\/2026\/02\/PODROZ-300x225.jpg 300w, https:\/\/fotografiaikawa.pl\/wp-content\/uploads\/2026\/02\/PODROZ-768x576.jpg 768w, https:\/\/fotografiaikawa.pl\/wp-content\/uploads\/2026\/02\/PODROZ-1536x1152.jpg 1536w, https:\/\/fotografiaikawa.pl\/wp-content\/uploads\/2026\/02\/PODROZ-2048x1536.jpg 2048w, https:\/\/fotografiaikawa.pl\/wp-content\/uploads\/2026\/02\/PODROZ-1140x855.jpg 1140w, https:\/\/fotografiaikawa.pl\/wp-content\/uploads\/2026\/02\/PODROZ-scaled.jpg 2000w\" data-sizes=\"(max-width: 1024px) 100vw, 1024px\" src=\"data:image\/svg+xml;base64,PHN2ZyB3aWR0aD0iMSIgaGVpZ2h0PSIxIiB4bWxucz0iaHR0cDovL3d3dy53My5vcmcvMjAwMC9zdmciPjwvc3ZnPg==\" style=\"--smush-placeholder-width: 1024px; --smush-placeholder-aspect-ratio: 1024\/768;\" \/><\/figure>\n<\/div><\/div>\n\n<\/div><\/div>\n\n\n<p><a href=\"https:\/\/fotografiaikawa.pl\/index.php\/2026\/02\/03\/jak-spakowac-sie-w-5-minut\/\" type=\"link\" id=\"https:\/\/fotografiaikawa.pl\/index.php\/2026\/02\/03\/jak-spakowac-sie-w-5-minut\/\">#001 Jak spakowa\u0107 <\/a><a href=\"https:\/\/fotografiaikawa.pl\/index.php\/2026\/02\/03\/jak-spakowac-sie-w-5-minut\/\" type=\"link\" id=\"https:\/\/fotografiaikawa.pl\/index.php\/2026\/02\/03\/jak-spakowac-sie-w-5-minut\/\" target=\"_blank\" rel=\"noreferrer noopener\">si\u0119 <\/a><a href=\"https:\/\/fotografiaikawa.pl\/index.php\/2026\/02\/03\/jak-spakowac-sie-w-5-minut\/\" type=\"link\" id=\"https:\/\/fotografiaikawa.pl\/index.php\/2026\/02\/03\/jak-spakowac-sie-w-5-minut\/\">w podr\u00f3\u017c w 5 minut<\/a><\/p>\n\n\n\n<p><a href=\"https:\/\/fotografiaikawa.pl\/index.php\/2026\/02\/05\/odkryj-jak-uniknac-tlumow-na-popularnych-atrakcjach-turystycznych\/\">#002 Jak unikn\u0105\u0107 t\u0142um\u00f3w w <\/a><a href=\"https:\/\/fotografiaikawa.pl\/index.php\/2026\/02\/05\/odkryj-jak-uniknac-tlumow-na-popularnych-atrakcjach-turystycznych\/\" target=\"_blank\" rel=\"noreferrer noopener\">popularnych <\/a><a href=\"https:\/\/fotografiaikawa.pl\/index.php\/2026\/02\/05\/odkryj-jak-uniknac-tlumow-na-popularnych-atrakcjach-turystycznych\/\">atrakcjach<\/a><\/p>\n\n\n\n<p><a href=\"https:\/\/fotografiaikawa.pl\/index.php\/2026\/02\/06\/sposob-na-tanie-bilety-lotnicze\/\" target=\"_blank\" rel=\"noreferrer noopener\">#003  Sekretny spos\u00f3b na tanie bilety lotnicze<\/a><\/p>\n\n\n\n<p><a href=\"https:\/\/fotografiaikawa.pl\/index.php\/2026\/02\/11\/004-jak-znalezc-najlepsze-lokalne-restauracje\/\" type=\"link\" id=\"https:\/\/fotografiaikawa.pl\/index.php\/2026\/02\/11\/004-jak-znalezc-najlepsze-lokalne-restauracje\/\" target=\"_blank\" rel=\"noreferrer noopener\">#004 Jak znale\u017a\u0107 najlepsze lokalne restauracje<\/a><\/p>\n\n\n\n<p><a href=\"https:\/\/fotografiaikawa.pl\/index.php\/2026\/02\/11\/005-co-robic-a-czego-nie-robic-podrozujac\/\">#005 Co ROBI\u0106 a czego NIE robi\u0107 <\/a><a href=\"https:\/\/fotografiaikawa.pl\/index.php\/2026\/02\/11\/005-co-robic-a-czego-nie-robic-podrozujac\/\" target=\"_blank\" rel=\"noreferrer noopener\">podr\u00f3\u017cuj\u0105c<\/a><\/p>\n\n\n<div class=\"wp-block-image\">\n<figure class=\"aligncenter size-full is-resized\"><img decoding=\"async\" width=\"512\" height=\"512\" data-src=\"https:\/\/fotografiaikawa.pl\/wp-content\/uploads\/2026\/01\/cropped-FOTOGRAFIA-I-KAWA-1-1.png\" alt=\"\" class=\"wp-image-635 lazyload\" style=\"--smush-placeholder-width: 512px; --smush-placeholder-aspect-ratio: 512\/512;width:141px;height:auto\" data-srcset=\"https:\/\/fotografiaikawa.pl\/wp-content\/uploads\/2026\/01\/cropped-FOTOGRAFIA-I-KAWA-1-1.png 512w, https:\/\/fotografiaikawa.pl\/wp-content\/uploads\/2026\/01\/cropped-FOTOGRAFIA-I-KAWA-1-1-300x300.png 300w, https:\/\/fotografiaikawa.pl\/wp-content\/uploads\/2026\/01\/cropped-FOTOGRAFIA-I-KAWA-1-1-150x150.png 150w, https:\/\/fotografiaikawa.pl\/wp-content\/uploads\/2026\/01\/cropped-FOTOGRAFIA-I-KAWA-1-1-75x75.png 75w, https:\/\/fotografiaikawa.pl\/wp-content\/uploads\/2026\/01\/cropped-FOTOGRAFIA-I-KAWA-1-1-270x270.png 270w, https:\/\/fotografiaikawa.pl\/wp-content\/uploads\/2026\/01\/cropped-FOTOGRAFIA-I-KAWA-1-1-192x192.png 192w, https:\/\/fotografiaikawa.pl\/wp-content\/uploads\/2026\/01\/cropped-FOTOGRAFIA-I-KAWA-1-1-180x180.png 180w, https:\/\/fotografiaikawa.pl\/wp-content\/uploads\/2026\/01\/cropped-FOTOGRAFIA-I-KAWA-1-1-32x32.png 32w\" data-sizes=\"(max-width: 512px) 100vw, 512px\" src=\"data:image\/svg+xml;base64,PHN2ZyB3aWR0aD0iMSIgaGVpZ2h0PSIxIiB4bWxucz0iaHR0cDovL3d3dy53My5vcmcvMjAwMC9zdmciPjwvc3ZnPg==\" \/><\/figure>\n<\/div>\n\n\n<p class=\"has-text-align-center\">Zapraszam na <\/p>\n\n\n<style>.wp-block-kadence-advancedbtn.kb-btns846_01c700-8e{gap:var(--global-kb-gap-xs, 0.5rem );justify-content:center;align-items:center;}.kt-btns846_01c700-8e .kt-button{font-weight:normal;font-style:normal;}.kt-btns846_01c700-8e .kt-btn-wrap-0{margin-right:5px;}.wp-block-kadence-advancedbtn.kt-btns846_01c700-8e .kt-btn-wrap-0 .kt-button{color:#555555;border-color:#555555;}.wp-block-kadence-advancedbtn.kt-btns846_01c700-8e .kt-btn-wrap-0 .kt-button:hover, .wp-block-kadence-advancedbtn.kt-btns846_01c700-8e .kt-btn-wrap-0 .kt-button:focus{color:#ffffff;border-color:#444444;}.wp-block-kadence-advancedbtn.kt-btns846_01c700-8e .kt-btn-wrap-0 .kt-button::before{display:none;}.wp-block-kadence-advancedbtn.kt-btns846_01c700-8e .kt-btn-wrap-0 .kt-button:hover, .wp-block-kadence-advancedbtn.kt-btns846_01c700-8e .kt-btn-wrap-0 .kt-button:focus{background:#444444;}<\/style>\n<div class=\"wp-block-kadence-advancedbtn kb-buttons-wrap kb-btns846_01c700-8e\"><style>ul.menu .wp-block-kadence-advancedbtn .kb-btn846_f6d360-f8.kb-button{width:initial;}.wp-block-kadence-advancedbtn .kb-btn846_f6d360-f8.kb-button{background:#c9801c;}<\/style><a class=\"kb-button kt-button button kb-btn846_f6d360-f8 kt-btn-size-standard kt-btn-width-type-auto kb-btn-global-fill  kt-btn-has-text-true kt-btn-has-svg-false  wp-block-kadence-singlebtn\" href=\"https:\/\/www.instagram.com\/fotografia_i_kawa\/\" target=\"_blank\" rel=\"noreferrer noopener\"><span class=\"kt-btn-inner-text\">Instagram<\/span><\/a><\/div>\n\n\n<style>.kadence-column846_97e0aa-b3 > .kt-inside-inner-col,.kadence-column846_97e0aa-b3 > .kt-inside-inner-col:before{border-top-left-radius:0px;border-top-right-radius:0px;border-bottom-right-radius:0px;border-bottom-left-radius:0px;}.kadence-column846_97e0aa-b3 > .kt-inside-inner-col{column-gap:var(--global-kb-gap-sm, 1rem);}.kadence-column846_97e0aa-b3 > .kt-inside-inner-col{flex-direction:column;}.kadence-column846_97e0aa-b3 > .kt-inside-inner-col > .aligncenter{width:100%;}.kadence-column846_97e0aa-b3 > .kt-inside-inner-col:before{opacity:0.3;}.kadence-column846_97e0aa-b3{position:relative;}@media all and (max-width: 1024px){.kadence-column846_97e0aa-b3 > .kt-inside-inner-col{flex-direction:column;justify-content:center;}}@media all and (max-width: 767px){.kadence-column846_97e0aa-b3 > .kt-inside-inner-col{flex-direction:column;justify-content:center;}}<\/style>\n<div class=\"wp-block-kadence-column kadence-column846_97e0aa-b3\"><div class=\"kt-inside-inner-col\"><\/div><\/div>\n\n\n\n<p class=\"has-text-align-center has-medium-font-size\"><a href=\"https:\/\/fotografiaikawa.pl\/index.php\/kontakt\/\" target=\"_blank\" rel=\"noreferrer noopener\">Kontakt<\/a><\/p>\n","protected":false},"excerpt":{"rendered":"<p>Sprawdzone sposoby na ta\u0144sze loty, lepsze noclegi i restauracje, do kt\u00f3rych chodz\u0105 lokalni -nie tury\u015bci. Kliknij # i wykorzystaj trik przy kolejnej podr\u00f3\u017cy. #001 Jak spakowa\u0107 si\u0119 w podr\u00f3\u017c w 5 minut #002 Jak unikn\u0105\u0107 t\u0142um\u00f3w w popularnych atrakcjach #003 Sekretny spos\u00f3b na tanie bilety lotnicze #004 Jak znale\u017a\u0107 najlepsze lokalne restauracje #005 Co ROBI\u0106 a czego NIE robi\u0107 podr\u00f3\u017cuj\u0105c Zapraszam na Kontakt<\/p>\n","protected":false},"author":1,"featured_media":0,"parent":0,"menu_order":0,"comment_status":"closed","ping_status":"closed","template":"","meta":{"footnotes":""},"class_list":["post-846","page","type-page","status-publish","hentry"],"yoast_head":"<!-- This site is optimized with the Yoast SEO plugin v27.4 - https:\/\/yoast.com\/product\/yoast-seo-wordpress\/ -->\n<title>Sekretne triki podr\u00f3\u017ce -<\/title>\n<meta name=\"description\" content=\"Fotografia i kawa Podr\u00f3\u017ce Obraz D\u017awi\u0119k\" \/>\n<meta name=\"robots\" content=\"index, follow, max-snippet:-1, max-image-preview:large, max-video-preview:-1\" \/>\n<link rel=\"canonical\" href=\"https:\/\/fotografiaikawa.pl\/index.php\/sekretne-triki\/\" \/>\n<meta property=\"og:locale\" content=\"pl_PL\" \/>\n<meta property=\"og:type\" content=\"article\" \/>\n<meta property=\"og:title\" content=\"Sekretne triki podr\u00f3\u017ce -\" \/>\n<meta property=\"og:description\" content=\"Fotografia i kawa Podr\u00f3\u017ce Obraz D\u017awi\u0119k\" \/>\n<meta property=\"og:url\" content=\"https:\/\/fotografiaikawa.pl\/index.php\/sekretne-triki\/\" \/>\n<meta property=\"article:modified_time\" content=\"2026-02-11T11:22:16+00:00\" \/>\n<meta property=\"og:image\" content=\"https:\/\/fotografiaikawa.pl\/wp-content\/uploads\/2026\/02\/PODROZ-scaled.jpg\" \/>\n\t<meta property=\"og:image:width\" content=\"2000\" \/>\n\t<meta property=\"og:image:height\" content=\"1500\" \/>\n\t<meta property=\"og:image:type\" content=\"image\/jpeg\" \/>\n<meta name=\"twitter:card\" content=\"summary_large_image\" \/>\n<script type=\"application\/ld+json\" class=\"yoast-schema-graph\">{\"@context\":\"https:\\\/\\\/schema.org\",\"@graph\":[{\"@type\":\"WebPage\",\"@id\":\"https:\\\/\\\/fotografiaikawa.pl\\\/index.php\\\/sekretne-triki\\\/\",\"url\":\"https:\\\/\\\/fotografiaikawa.pl\\\/index.php\\\/sekretne-triki\\\/\",\"name\":\"Sekretne triki podr\u00f3\u017ce -\",\"isPartOf\":{\"@id\":\"https:\\\/\\\/fotografiaikawa.pl\\\/#website\"},\"primaryImageOfPage\":{\"@id\":\"https:\\\/\\\/fotografiaikawa.pl\\\/index.php\\\/sekretne-triki\\\/#primaryimage\"},\"image\":{\"@id\":\"https:\\\/\\\/fotografiaikawa.pl\\\/index.php\\\/sekretne-triki\\\/#primaryimage\"},\"thumbnailUrl\":\"https:\\\/\\\/fotografiaikawa.pl\\\/wp-content\\\/uploads\\\/2026\\\/02\\\/PODROZ-1024x768.jpg\",\"datePublished\":\"2026-02-10T12:13:29+00:00\",\"dateModified\":\"2026-02-11T11:22:16+00:00\",\"description\":\"Fotografia i kawa Podr\u00f3\u017ce Obraz D\u017awi\u0119k\",\"breadcrumb\":{\"@id\":\"https:\\\/\\\/fotografiaikawa.pl\\\/index.php\\\/sekretne-triki\\\/#breadcrumb\"},\"inLanguage\":\"pl-PL\",\"potentialAction\":[{\"@type\":\"ReadAction\",\"target\":[\"https:\\\/\\\/fotografiaikawa.pl\\\/index.php\\\/sekretne-triki\\\/\"]}]},{\"@type\":\"ImageObject\",\"inLanguage\":\"pl-PL\",\"@id\":\"https:\\\/\\\/fotografiaikawa.pl\\\/index.php\\\/sekretne-triki\\\/#primaryimage\",\"url\":\"https:\\\/\\\/fotografiaikawa.pl\\\/wp-content\\\/uploads\\\/2026\\\/02\\\/PODROZ-scaled.jpg\",\"contentUrl\":\"https:\\\/\\\/fotografiaikawa.pl\\\/wp-content\\\/uploads\\\/2026\\\/02\\\/PODROZ-scaled.jpg\",\"width\":2000,\"height\":1500,\"caption\":\"Sekretne triki\"},{\"@type\":\"BreadcrumbList\",\"@id\":\"https:\\\/\\\/fotografiaikawa.pl\\\/index.php\\\/sekretne-triki\\\/#breadcrumb\",\"itemListElement\":[{\"@type\":\"ListItem\",\"position\":1,\"name\":\"Home\",\"item\":\"https:\\\/\\\/fotografiaikawa.pl\\\/\"},{\"@type\":\"ListItem\",\"position\":2,\"name\":\"Sekretne triki podr\u00f3\u017ce\"}]},{\"@type\":\"WebSite\",\"@id\":\"https:\\\/\\\/fotografiaikawa.pl\\\/#website\",\"url\":\"https:\\\/\\\/fotografiaikawa.pl\\\/\",\"name\":\"fotografiaikawa.pl\",\"description\":\"\",\"publisher\":{\"@id\":\"https:\\\/\\\/fotografiaikawa.pl\\\/#\\\/schema\\\/person\\\/a18c263cd591065ed4c6961861bf6261\"},\"alternateName\":\"fotografia i kawa\",\"potentialAction\":[{\"@type\":\"SearchAction\",\"target\":{\"@type\":\"EntryPoint\",\"urlTemplate\":\"https:\\\/\\\/fotografiaikawa.pl\\\/?s={search_term_string}\"},\"query-input\":{\"@type\":\"PropertyValueSpecification\",\"valueRequired\":true,\"valueName\":\"search_term_string\"}}],\"inLanguage\":\"pl-PL\"},{\"@type\":[\"Person\",\"Organization\"],\"@id\":\"https:\\\/\\\/fotografiaikawa.pl\\\/#\\\/schema\\\/person\\\/a18c263cd591065ed4c6961861bf6261\",\"name\":\"Fotografia i kawa\",\"image\":{\"@type\":\"ImageObject\",\"inLanguage\":\"pl-PL\",\"@id\":\"https:\\\/\\\/secure.gravatar.com\\\/avatar\\\/6541f644f50dfdf6caed258f365bfa92a051a86bed05bb3d187ba7b67e9ca971?s=96&d=initials&r=g&initials=ga\",\"url\":\"https:\\\/\\\/secure.gravatar.com\\\/avatar\\\/6541f644f50dfdf6caed258f365bfa92a051a86bed05bb3d187ba7b67e9ca971?s=96&d=initials&r=g&initials=ga\",\"contentUrl\":\"https:\\\/\\\/secure.gravatar.com\\\/avatar\\\/6541f644f50dfdf6caed258f365bfa92a051a86bed05bb3d187ba7b67e9ca971?s=96&d=initials&r=g&initials=ga\",\"caption\":\"Fotografia i kawa\"},\"logo\":{\"@id\":\"https:\\\/\\\/secure.gravatar.com\\\/avatar\\\/6541f644f50dfdf6caed258f365bfa92a051a86bed05bb3d187ba7b67e9ca971?s=96&d=initials&r=g&initials=ga\"},\"sameAs\":[\"http:\\\/\\\/fotografiaikawa.pl\",\"https:\\\/\\\/www.instagram.com\\\/fotografia_i_kawa\\\/#\",\"https:\\\/\\\/pinterest.com\\\/fotografiaikawa\"]}]}<\/script>\n<!-- \/ Yoast SEO plugin. -->","yoast_head_json":{"title":"Sekretne triki podr\u00f3\u017ce -","description":"Fotografia i kawa Podr\u00f3\u017ce Obraz D\u017awi\u0119k","robots":{"index":"index","follow":"follow","max-snippet":"max-snippet:-1","max-image-preview":"max-image-preview:large","max-video-preview":"max-video-preview:-1"},"canonical":"https:\/\/fotografiaikawa.pl\/index.php\/sekretne-triki\/","og_locale":"pl_PL","og_type":"article","og_title":"Sekretne triki podr\u00f3\u017ce -","og_description":"Fotografia i kawa Podr\u00f3\u017ce Obraz D\u017awi\u0119k","og_url":"https:\/\/fotografiaikawa.pl\/index.php\/sekretne-triki\/","article_modified_time":"2026-02-11T11:22:16+00:00","og_image":[{"width":2000,"height":1500,"url":"https:\/\/fotografiaikawa.pl\/wp-content\/uploads\/2026\/02\/PODROZ-scaled.jpg","type":"image\/jpeg"}],"twitter_card":"summary_large_image","schema":{"@context":"https:\/\/schema.org","@graph":[{"@type":"WebPage","@id":"https:\/\/fotografiaikawa.pl\/index.php\/sekretne-triki\/","url":"https:\/\/fotografiaikawa.pl\/index.php\/sekretne-triki\/","name":"Sekretne triki podr\u00f3\u017ce -","isPartOf":{"@id":"https:\/\/fotografiaikawa.pl\/#website"},"primaryImageOfPage":{"@id":"https:\/\/fotografiaikawa.pl\/index.php\/sekretne-triki\/#primaryimage"},"image":{"@id":"https:\/\/fotografiaikawa.pl\/index.php\/sekretne-triki\/#primaryimage"},"thumbnailUrl":"https:\/\/fotografiaikawa.pl\/wp-content\/uploads\/2026\/02\/PODROZ-1024x768.jpg","datePublished":"2026-02-10T12:13:29+00:00","dateModified":"2026-02-11T11:22:16+00:00","description":"Fotografia i kawa Podr\u00f3\u017ce Obraz D\u017awi\u0119k","breadcrumb":{"@id":"https:\/\/fotografiaikawa.pl\/index.php\/sekretne-triki\/#breadcrumb"},"inLanguage":"pl-PL","potentialAction":[{"@type":"ReadAction","target":["https:\/\/fotografiaikawa.pl\/index.php\/sekretne-triki\/"]}]},{"@type":"ImageObject","inLanguage":"pl-PL","@id":"https:\/\/fotografiaikawa.pl\/index.php\/sekretne-triki\/#primaryimage","url":"https:\/\/fotografiaikawa.pl\/wp-content\/uploads\/2026\/02\/PODROZ-scaled.jpg","contentUrl":"https:\/\/fotografiaikawa.pl\/wp-content\/uploads\/2026\/02\/PODROZ-scaled.jpg","width":2000,"height":1500,"caption":"Sekretne triki"},{"@type":"BreadcrumbList","@id":"https:\/\/fotografiaikawa.pl\/index.php\/sekretne-triki\/#breadcrumb","itemListElement":[{"@type":"ListItem","position":1,"name":"Home","item":"https:\/\/fotografiaikawa.pl\/"},{"@type":"ListItem","position":2,"name":"Sekretne triki podr\u00f3\u017ce"}]},{"@type":"WebSite","@id":"https:\/\/fotografiaikawa.pl\/#website","url":"https:\/\/fotografiaikawa.pl\/","name":"fotografiaikawa.pl","description":"","publisher":{"@id":"https:\/\/fotografiaikawa.pl\/#\/schema\/person\/a18c263cd591065ed4c6961861bf6261"},"alternateName":"fotografia i kawa","potentialAction":[{"@type":"SearchAction","target":{"@type":"EntryPoint","urlTemplate":"https:\/\/fotografiaikawa.pl\/?s={search_term_string}"},"query-input":{"@type":"PropertyValueSpecification","valueRequired":true,"valueName":"search_term_string"}}],"inLanguage":"pl-PL"},{"@type":["Person","Organization"],"@id":"https:\/\/fotografiaikawa.pl\/#\/schema\/person\/a18c263cd591065ed4c6961861bf6261","name":"Fotografia i kawa","image":{"@type":"ImageObject","inLanguage":"pl-PL","@id":"https:\/\/secure.gravatar.com\/avatar\/6541f644f50dfdf6caed258f365bfa92a051a86bed05bb3d187ba7b67e9ca971?s=96&d=initials&r=g&initials=ga","url":"https:\/\/secure.gravatar.com\/avatar\/6541f644f50dfdf6caed258f365bfa92a051a86bed05bb3d187ba7b67e9ca971?s=96&d=initials&r=g&initials=ga","contentUrl":"https:\/\/secure.gravatar.com\/avatar\/6541f644f50dfdf6caed258f365bfa92a051a86bed05bb3d187ba7b67e9ca971?s=96&d=initials&r=g&initials=ga","caption":"Fotografia i kawa"},"logo":{"@id":"https:\/\/secure.gravatar.com\/avatar\/6541f644f50dfdf6caed258f365bfa92a051a86bed05bb3d187ba7b67e9ca971?s=96&d=initials&r=g&initials=ga"},"sameAs":["http:\/\/fotografiaikawa.pl","https:\/\/www.instagram.com\/fotografia_i_kawa\/#","https:\/\/pinterest.com\/fotografiaikawa"]}]}},"_links":{"self":[{"href":"https:\/\/fotografiaikawa.pl\/index.php\/wp-json\/wp\/v2\/pages\/846","targetHints":{"allow":["GET"]}}],"collection":[{"href":"https:\/\/fotografiaikawa.pl\/index.php\/wp-json\/wp\/v2\/pages"}],"about":[{"href":"https:\/\/fotografiaikawa.pl\/index.php\/wp-json\/wp\/v2\/types\/page"}],"author":[{"embeddable":true,"href":"https:\/\/fotografiaikawa.pl\/index.php\/wp-json\/wp\/v2\/users\/1"}],"replies":[{"embeddable":true,"href":"https:\/\/fotografiaikawa.pl\/index.php\/wp-json\/wp\/v2\/comments?post=846"}],"version-history":[{"count":18,"href":"https:\/\/fotografiaikawa.pl\/index.php\/wp-json\/wp\/v2\/pages\/846\/revisions"}],"predecessor-version":[{"id":938,"href":"https:\/\/fotografiaikawa.pl\/index.php\/wp-json\/wp\/v2\/pages\/846\/revisions\/938"}],"wp:attachment":[{"href":"https:\/\/fotografiaikawa.pl\/index.php\/wp-json\/wp\/v2\/media?parent=846"}],"curies":[{"name":"wp","href":"https:\/\/api.w.org\/{rel}","templated":true}]}}