{"id":527,"date":"2026-01-15T11:36:53","date_gmt":"2026-01-15T11:36:53","guid":{"rendered":"https:\/\/fotografiaikawa.pl\/?page_id=527"},"modified":"2026-02-23T13:22:00","modified_gmt":"2026-02-23T13:22:00","slug":"poradnik","status":"publish","type":"page","link":"https:\/\/fotografiaikawa.pl\/index.php\/poradnik\/","title":{"rendered":"Poradnik"},"content":{"rendered":"\n<h2 class=\"wp-block-heading\">Spis tre\u015bci<\/h2>\n\n\n\n<h3 class=\"wp-block-heading\"><a href=\"https:\/\/fotografiaikawa.pl\/index.php\/sekretne-triki\/\" target=\"_blank\" rel=\"noreferrer noopener\">Sekretne Triki Podr\u00f3\u017ce<\/a><\/h3>\n\n\n<style>.wp-block-kadence-iconlist.kt-svg-icon-list-items527_055990-0f:not(.this-stops-third-party-issues){margin-top:0px;margin-bottom:0px;}.wp-block-kadence-iconlist.kt-svg-icon-list-items527_055990-0f ul.kt-svg-icon-list:not(.this-prevents-issues):not(.this-stops-third-party-issues):not(.tijsloc){margin-top:0px;margin-right:0px;margin-bottom:var(--global-kb-spacing-sm, 1.5rem);margin-left:0px;}.wp-block-kadence-iconlist.kt-svg-icon-list-items527_055990-0f ul.kt-svg-icon-list{grid-row-gap:5px;}.wp-block-kadence-iconlist.kt-svg-icon-list-items527_055990-0f ul.kt-svg-icon-list .kt-svg-icon-list-item-wrap .kt-svg-icon-list-single{margin-right:10px;}.kt-svg-icon-list-items527_055990-0f ul.kt-svg-icon-list .kt-svg-icon-list-level-0 .kt-svg-icon-list-single svg{font-size:20px;}<\/style>\n<div class=\"wp-block-kadence-iconlist kt-svg-icon-list-items kt-svg-icon-list-items527_055990-0f kt-svg-icon-list-columns-1 alignnone\"><ul class=\"kt-svg-icon-list\"><style>.kt-svg-icon-list-item-527_4ed1d3-4f .kt-svg-icon-list-text mark.kt-highlight{background-color:unset;font-style:normal;color:#f76a0c;-webkit-box-decoration-break:clone;box-decoration-break:clone;padding-top:0px;padding-right:0px;padding-bottom:0px;padding-left:0px;}<\/style>\n<li class=\"wp-block-kadence-listitem kt-svg-icon-list-item-wrap kt-svg-icon-list-item-527_4ed1d3-4f\"><span class=\"kb-svg-icon-wrap kb-svg-icon-fe_checkCircle kt-svg-icon-list-single\"><svg viewBox=\"0 0 24 24\"  fill=\"none\" stroke=\"currentColor\" stroke-width=\"2\" stroke-linecap=\"round\" stroke-linejoin=\"round\" xmlns=\"http:\/\/www.w3.org\/2000\/svg\"  aria-hidden=\"true\"><path d=\"M22 11.08V12a10 10 0 1 1-5.93-9.14\"\/><polyline points=\"22 4 12 14.01 9 11.01\"\/><\/svg><\/span><span class=\"kt-svg-icon-list-text\">Odkryj, jak unikn\u0105\u0107 t\u0142um\u00f3w na popularnych atrakcjach turystycznych!<\/span><\/li>\n\n\n<style>.kt-svg-icon-list-item-527_cb0a8a-ad .kt-svg-icon-list-text mark.kt-highlight{background-color:unset;font-style:normal;color:#f76a0c;-webkit-box-decoration-break:clone;box-decoration-break:clone;padding-top:0px;padding-right:0px;padding-bottom:0px;padding-left:0px;}<\/style>\n<li class=\"wp-block-kadence-listitem kt-svg-icon-list-item-wrap kt-svg-icon-list-item-527_cb0a8a-ad\"><span class=\"kb-svg-icon-wrap kb-svg-icon-fe_checkCircle kt-svg-icon-list-single\"><svg viewBox=\"0 0 24 24\"  fill=\"none\" stroke=\"currentColor\" stroke-width=\"2\" stroke-linecap=\"round\" stroke-linejoin=\"round\" xmlns=\"http:\/\/www.w3.org\/2000\/svg\"  aria-hidden=\"true\"><path d=\"M22 11.08V12a10 10 0 1 1-5.93-9.14\"\/><polyline points=\"22 4 12 14.01 9 11.01\"\/><\/svg><\/span><span class=\"kt-svg-icon-list-text\">Spos\u00f3b na tanie bilety lotnicze<\/span><\/li>\n\n\n<style>.kt-svg-icon-list-item-527_f8358a-25 .kt-svg-icon-list-text mark.kt-highlight{background-color:unset;font-style:normal;color:#f76a0c;-webkit-box-decoration-break:clone;box-decoration-break:clone;padding-top:0px;padding-right:0px;padding-bottom:0px;padding-left:0px;}<\/style>\n<li class=\"wp-block-kadence-listitem kt-svg-icon-list-item-wrap kt-svg-icon-list-item-527_f8358a-25\"><span class=\"kb-svg-icon-wrap kb-svg-icon-fe_checkCircle kt-svg-icon-list-single\"><svg viewBox=\"0 0 24 24\"  fill=\"none\" stroke=\"currentColor\" stroke-width=\"2\" stroke-linecap=\"round\" stroke-linejoin=\"round\" xmlns=\"http:\/\/www.w3.org\/2000\/svg\"  aria-hidden=\"true\"><path d=\"M22 11.08V12a10 10 0 1 1-5.93-9.14\"\/><polyline points=\"22 4 12 14.01 9 11.01\"\/><\/svg><\/span><span class=\"kt-svg-icon-list-text\">Jak spakowa\u0107 si\u0119 na wyjazd w 5 minut<\/span><\/li>\n\n\n<style>.kt-svg-icon-list-item-527_79c5f8-5f .kt-svg-icon-list-text mark.kt-highlight{background-color:unset;font-style:normal;color:#f76a0c;-webkit-box-decoration-break:clone;box-decoration-break:clone;padding-top:0px;padding-right:0px;padding-bottom:0px;padding-left:0px;}<\/style>\n<li class=\"wp-block-kadence-listitem kt-svg-icon-list-item-wrap kt-svg-icon-list-item-527_79c5f8-5f\"><span class=\"kb-svg-icon-wrap kb-svg-icon-fe_checkCircle kt-svg-icon-list-single\"><svg viewBox=\"0 0 24 24\"  fill=\"none\" stroke=\"currentColor\" stroke-width=\"2\" stroke-linecap=\"round\" stroke-linejoin=\"round\" xmlns=\"http:\/\/www.w3.org\/2000\/svg\"  aria-hidden=\"true\"><path d=\"M22 11.08V12a10 10 0 1 1-5.93-9.14\"\/><polyline points=\"22 4 12 14.01 9 11.01\"\/><\/svg><\/span><span class=\"kt-svg-icon-list-text\">Jak znale\u017a\u0107 najlepsze lokalne restauracje<\/span><\/li>\n\n\n<style>.kt-svg-icon-list-item-527_3c448b-eb .kt-svg-icon-list-text mark.kt-highlight{background-color:unset;font-style:normal;color:#f76a0c;-webkit-box-decoration-break:clone;box-decoration-break:clone;padding-top:0px;padding-right:0px;padding-bottom:0px;padding-left:0px;}<\/style>\n<li class=\"wp-block-kadence-listitem kt-svg-icon-list-item-wrap kt-svg-icon-list-item-527_3c448b-eb\"><span class=\"kb-svg-icon-wrap kb-svg-icon-fe_checkCircle kt-svg-icon-list-single\"><svg viewBox=\"0 0 24 24\"  fill=\"none\" stroke=\"currentColor\" stroke-width=\"2\" stroke-linecap=\"round\" stroke-linejoin=\"round\" xmlns=\"http:\/\/www.w3.org\/2000\/svg\"  aria-hidden=\"true\"><path d=\"M22 11.08V12a10 10 0 1 1-5.93-9.14\"\/><polyline points=\"22 4 12 14.01 9 11.01\"\/><\/svg><\/span><span class=\"kt-svg-icon-list-text\">Co ROBI\u0106 a czego NIE robi\u0107 podr\u00f3\u017cuj\u0105c<\/span><\/li>\n<\/ul><\/div>\n\n\n\n<p><\/p>\n","protected":false},"excerpt":{"rendered":"<p>Spis tre\u015bci Sekretne Triki Podr\u00f3\u017ce<\/p>\n","protected":false},"author":1,"featured_media":0,"parent":0,"menu_order":0,"comment_status":"closed","ping_status":"closed","template":"","meta":{"footnotes":""},"class_list":["post-527","page","type-page","status-publish","hentry"],"yoast_head":"<!-- This site is optimized with the Yoast SEO plugin v27.4 - https:\/\/yoast.com\/product\/yoast-seo-wordpress\/ -->\n<title>Poradnik -<\/title>\n<meta name=\"description\" content=\"Fotografia i kawa Podr\u00f3\u017ce Obraz D\u017awi\u0119k\" \/>\n<meta name=\"robots\" content=\"index, follow, max-snippet:-1, max-image-preview:large, max-video-preview:-1\" \/>\n<link rel=\"canonical\" href=\"https:\/\/fotografiaikawa.pl\/index.php\/poradnik\/\" \/>\n<meta property=\"og:locale\" content=\"pl_PL\" \/>\n<meta property=\"og:type\" content=\"article\" \/>\n<meta property=\"og:title\" content=\"Poradnik -\" \/>\n<meta property=\"og:description\" content=\"Fotografia i kawa Podr\u00f3\u017ce Obraz D\u017awi\u0119k\" \/>\n<meta property=\"og:url\" content=\"https:\/\/fotografiaikawa.pl\/index.php\/poradnik\/\" \/>\n<meta property=\"article:modified_time\" content=\"2026-02-23T13:22:00+00:00\" \/>\n<meta name=\"twitter:card\" content=\"summary_large_image\" \/>\n<meta name=\"twitter:label1\" content=\"Szacowany czas czytania\" \/>\n\t<meta name=\"twitter:data1\" content=\"1 minuta\" \/>\n<script type=\"application\/ld+json\" class=\"yoast-schema-graph\">{\"@context\":\"https:\\\/\\\/schema.org\",\"@graph\":[{\"@type\":\"WebPage\",\"@id\":\"https:\\\/\\\/fotografiaikawa.pl\\\/index.php\\\/poradnik\\\/\",\"url\":\"https:\\\/\\\/fotografiaikawa.pl\\\/index.php\\\/poradnik\\\/\",\"name\":\"Poradnik -\",\"isPartOf\":{\"@id\":\"https:\\\/\\\/fotografiaikawa.pl\\\/#website\"},\"datePublished\":\"2026-01-15T11:36:53+00:00\",\"dateModified\":\"2026-02-23T13:22:00+00:00\",\"description\":\"Fotografia i kawa Podr\u00f3\u017ce Obraz D\u017awi\u0119k\",\"breadcrumb\":{\"@id\":\"https:\\\/\\\/fotografiaikawa.pl\\\/index.php\\\/poradnik\\\/#breadcrumb\"},\"inLanguage\":\"pl-PL\",\"potentialAction\":[{\"@type\":\"ReadAction\",\"target\":[\"https:\\\/\\\/fotografiaikawa.pl\\\/index.php\\\/poradnik\\\/\"]}]},{\"@type\":\"BreadcrumbList\",\"@id\":\"https:\\\/\\\/fotografiaikawa.pl\\\/index.php\\\/poradnik\\\/#breadcrumb\",\"itemListElement\":[{\"@type\":\"ListItem\",\"position\":1,\"name\":\"Home\",\"item\":\"https:\\\/\\\/fotografiaikawa.pl\\\/\"},{\"@type\":\"ListItem\",\"position\":2,\"name\":\"Poradnik\"}]},{\"@type\":\"WebSite\",\"@id\":\"https:\\\/\\\/fotografiaikawa.pl\\\/#website\",\"url\":\"https:\\\/\\\/fotografiaikawa.pl\\\/\",\"name\":\"fotografiaikawa.pl\",\"description\":\"\",\"publisher\":{\"@id\":\"https:\\\/\\\/fotografiaikawa.pl\\\/#\\\/schema\\\/person\\\/a18c263cd591065ed4c6961861bf6261\"},\"alternateName\":\"fotografia i kawa\",\"potentialAction\":[{\"@type\":\"SearchAction\",\"target\":{\"@type\":\"EntryPoint\",\"urlTemplate\":\"https:\\\/\\\/fotografiaikawa.pl\\\/?s={search_term_string}\"},\"query-input\":{\"@type\":\"PropertyValueSpecification\",\"valueRequired\":true,\"valueName\":\"search_term_string\"}}],\"inLanguage\":\"pl-PL\"},{\"@type\":[\"Person\",\"Organization\"],\"@id\":\"https:\\\/\\\/fotografiaikawa.pl\\\/#\\\/schema\\\/person\\\/a18c263cd591065ed4c6961861bf6261\",\"name\":\"Fotografia i kawa\",\"image\":{\"@type\":\"ImageObject\",\"inLanguage\":\"pl-PL\",\"@id\":\"https:\\\/\\\/secure.gravatar.com\\\/avatar\\\/6541f644f50dfdf6caed258f365bfa92a051a86bed05bb3d187ba7b67e9ca971?s=96&d=initials&r=g&initials=ga\",\"url\":\"https:\\\/\\\/secure.gravatar.com\\\/avatar\\\/6541f644f50dfdf6caed258f365bfa92a051a86bed05bb3d187ba7b67e9ca971?s=96&d=initials&r=g&initials=ga\",\"contentUrl\":\"https:\\\/\\\/secure.gravatar.com\\\/avatar\\\/6541f644f50dfdf6caed258f365bfa92a051a86bed05bb3d187ba7b67e9ca971?s=96&d=initials&r=g&initials=ga\",\"caption\":\"Fotografia i kawa\"},\"logo\":{\"@id\":\"https:\\\/\\\/secure.gravatar.com\\\/avatar\\\/6541f644f50dfdf6caed258f365bfa92a051a86bed05bb3d187ba7b67e9ca971?s=96&d=initials&r=g&initials=ga\"},\"sameAs\":[\"http:\\\/\\\/fotografiaikawa.pl\",\"https:\\\/\\\/www.instagram.com\\\/fotografia_i_kawa\\\/#\",\"https:\\\/\\\/pinterest.com\\\/fotografiaikawa\"]}]}<\/script>\n<!-- \/ Yoast SEO plugin. -->","yoast_head_json":{"title":"Poradnik -","description":"Fotografia i kawa Podr\u00f3\u017ce Obraz D\u017awi\u0119k","robots":{"index":"index","follow":"follow","max-snippet":"max-snippet:-1","max-image-preview":"max-image-preview:large","max-video-preview":"max-video-preview:-1"},"canonical":"https:\/\/fotografiaikawa.pl\/index.php\/poradnik\/","og_locale":"pl_PL","og_type":"article","og_title":"Poradnik -","og_description":"Fotografia i kawa Podr\u00f3\u017ce Obraz D\u017awi\u0119k","og_url":"https:\/\/fotografiaikawa.pl\/index.php\/poradnik\/","article_modified_time":"2026-02-23T13:22:00+00:00","twitter_card":"summary_large_image","twitter_misc":{"Szacowany czas czytania":"1 minuta"},"schema":{"@context":"https:\/\/schema.org","@graph":[{"@type":"WebPage","@id":"https:\/\/fotografiaikawa.pl\/index.php\/poradnik\/","url":"https:\/\/fotografiaikawa.pl\/index.php\/poradnik\/","name":"Poradnik -","isPartOf":{"@id":"https:\/\/fotografiaikawa.pl\/#website"},"datePublished":"2026-01-15T11:36:53+00:00","dateModified":"2026-02-23T13:22:00+00:00","description":"Fotografia i kawa Podr\u00f3\u017ce Obraz D\u017awi\u0119k","breadcrumb":{"@id":"https:\/\/fotografiaikawa.pl\/index.php\/poradnik\/#breadcrumb"},"inLanguage":"pl-PL","potentialAction":[{"@type":"ReadAction","target":["https:\/\/fotografiaikawa.pl\/index.php\/poradnik\/"]}]},{"@type":"BreadcrumbList","@id":"https:\/\/fotografiaikawa.pl\/index.php\/poradnik\/#breadcrumb","itemListElement":[{"@type":"ListItem","position":1,"name":"Home","item":"https:\/\/fotografiaikawa.pl\/"},{"@type":"ListItem","position":2,"name":"Poradnik"}]},{"@type":"WebSite","@id":"https:\/\/fotografiaikawa.pl\/#website","url":"https:\/\/fotografiaikawa.pl\/","name":"fotografiaikawa.pl","description":"","publisher":{"@id":"https:\/\/fotografiaikawa.pl\/#\/schema\/person\/a18c263cd591065ed4c6961861bf6261"},"alternateName":"fotografia i kawa","potentialAction":[{"@type":"SearchAction","target":{"@type":"EntryPoint","urlTemplate":"https:\/\/fotografiaikawa.pl\/?s={search_term_string}"},"query-input":{"@type":"PropertyValueSpecification","valueRequired":true,"valueName":"search_term_string"}}],"inLanguage":"pl-PL"},{"@type":["Person","Organization"],"@id":"https:\/\/fotografiaikawa.pl\/#\/schema\/person\/a18c263cd591065ed4c6961861bf6261","name":"Fotografia i kawa","image":{"@type":"ImageObject","inLanguage":"pl-PL","@id":"https:\/\/secure.gravatar.com\/avatar\/6541f644f50dfdf6caed258f365bfa92a051a86bed05bb3d187ba7b67e9ca971?s=96&d=initials&r=g&initials=ga","url":"https:\/\/secure.gravatar.com\/avatar\/6541f644f50dfdf6caed258f365bfa92a051a86bed05bb3d187ba7b67e9ca971?s=96&d=initials&r=g&initials=ga","contentUrl":"https:\/\/secure.gravatar.com\/avatar\/6541f644f50dfdf6caed258f365bfa92a051a86bed05bb3d187ba7b67e9ca971?s=96&d=initials&r=g&initials=ga","caption":"Fotografia i kawa"},"logo":{"@id":"https:\/\/secure.gravatar.com\/avatar\/6541f644f50dfdf6caed258f365bfa92a051a86bed05bb3d187ba7b67e9ca971?s=96&d=initials&r=g&initials=ga"},"sameAs":["http:\/\/fotografiaikawa.pl","https:\/\/www.instagram.com\/fotografia_i_kawa\/#","https:\/\/pinterest.com\/fotografiaikawa"]}]}},"_links":{"self":[{"href":"https:\/\/fotografiaikawa.pl\/index.php\/wp-json\/wp\/v2\/pages\/527","targetHints":{"allow":["GET"]}}],"collection":[{"href":"https:\/\/fotografiaikawa.pl\/index.php\/wp-json\/wp\/v2\/pages"}],"about":[{"href":"https:\/\/fotografiaikawa.pl\/index.php\/wp-json\/wp\/v2\/types\/page"}],"author":[{"embeddable":true,"href":"https:\/\/fotografiaikawa.pl\/index.php\/wp-json\/wp\/v2\/users\/1"}],"replies":[{"embeddable":true,"href":"https:\/\/fotografiaikawa.pl\/index.php\/wp-json\/wp\/v2\/comments?post=527"}],"version-history":[{"count":8,"href":"https:\/\/fotografiaikawa.pl\/index.php\/wp-json\/wp\/v2\/pages\/527\/revisions"}],"predecessor-version":[{"id":981,"href":"https:\/\/fotografiaikawa.pl\/index.php\/wp-json\/wp\/v2\/pages\/527\/revisions\/981"}],"wp:attachment":[{"href":"https:\/\/fotografiaikawa.pl\/index.php\/wp-json\/wp\/v2\/media?parent=527"}],"curies":[{"name":"wp","href":"https:\/\/api.w.org\/{rel}","templated":true}]}}