{"id":181,"date":"2025-08-04T09:24:17","date_gmt":"2025-08-04T09:24:17","guid":{"rendered":"https:\/\/fotografiaikawa.pl\/?page_id=181"},"modified":"2026-02-06T14:05:53","modified_gmt":"2026-02-06T14:05:53","slug":"o-mnie-fotografia-podroznicza","status":"publish","type":"page","link":"https:\/\/fotografiaikawa.pl\/","title":{"rendered":"Fotografia podr\u00f3\u017cnicza -Po co to robi\u0119?"},"content":{"rendered":"\n<p class=\"has-text-align-left\"><\/p>\n\n\n\n<blockquote class=\"wp-block-quote is-layout-flow wp-block-quote-is-layout-flow\">\n<p class=\"has-text-align-left\"><br><em>Tworz\u0119 ten projekt jako przewodnik nie tylko podr\u00f3\u017cniczy, ale i po codziennym pi\u0119knie, -spokojnych porankach i chwilach kt\u00f3re warto zatrzyma\u0107. <strong>Fotografia i kawa Podr\u00f3\u017ce Obraz D\u017awi\u0119k<\/strong> to opowie\u015bci z miejsc kt\u00f3re odwiedzi\u0142am widziane przez obiektyw, kubek dobrej kawy z muzyk\u0105 w tle. Zach\u0119cam by podr\u00f3\u017cowa\u0107 wolniej, odkrywa\u0107 nie tylko miejsca ale te\u017c nastr\u00f3j, muzyk\u0119, atmosfer\u0119, kolory i emocje. <\/em><br><br><br><\/p>\n<\/blockquote>\n\n\n\n<p class=\"has-text-align-center\">Kocham fotografi\u0119 -szczeg\u00f3lnie te ma\u0142e momenty: \u015bwiat\u0142o &#8222;padaj\u0105ce na kubek kawy&#8221;, u\u015bmiech z\u0142apany przypadkiem, detale z podr\u00f3\u017cy, kt\u00f3re pozostaj\u0105 w pami\u0119ci.<\/p>\n\n\n\n<p>Aby stworzy\u0107 udany reporta\u017c fotograficzny, fotograf musi by\u0107 nie tylko dobrym technicznie, ale tak\u017ce potrafi\u0107 porusza\u0107 si\u0119 w r\u00f3\u017cnych \u015brodowiskach i nawi\u0105zywa\u0107 kontakt z lud\u017ami.<br>Reporta\u017ce fotograficzne to nie tylko zbi\u00f3r zdj\u0119\u0107, ale tak\u017ce forma sztuki, kt\u00f3ra potrafi poruszy\u0107 i zainspirowa\u0107. Dzi\u0119ki nim mo\u017cemy spojrze\u0107 na \u015bwiat z innej perspektywy i lepiej zrozumie\u0107 ludzi i ich historie. Dlatego warto si\u0119gn\u0105\u0107 po reporta\u017ce fotograficzne i odkry\u0107 magi\u0119 tej niezwyk\u0142ej formy sztuki.<\/p>\n\n\n\n<p class=\"has-text-align-center\"><strong>Kawa<\/strong> to dla mnie co\u015b wi\u0119cej ni\u017c nap\u00f3j. To rytua\u0142, pretekst do zatrzymania si\u0119, a czasem temat zdj\u0119cia. Uwielbiam odkrywa\u0107 klimatyczne kawiarnie i celebrowa\u0107 ten moment doceniaj\u0105c wszystko co nas otacza, muzyk\u0119.<\/p>\n\n\n\n<p class=\"has-text-align-center\"><strong>Muzyka<\/strong> towarzyszy mi tak samo jak aparat i kubek kawy. Jest t\u0142em do drogi, do zatrzymania si\u0119, do patrzenia uwa\u017cniej. Cz\u0119sto to w\u0142a\u015bnie d\u017awi\u0119k jako pierwszy buduje nastr\u00f3j miejsca \u2014 zanim jeszcze powstanie zdj\u0119cie.<\/p>\n\n\n\n<p class=\"has-text-align-center\">Podr\u00f3\u017cuj\u0119, obserwuj\u0119, zapisuj\u0119 w kadrach.<\/p>\n\n\n\n<p class=\"has-text-align-center\">Jestem wielkim mi\u0142o\u015bnikiem podr\u00f3\u017cy. Moje ulubione destynacje to Europa, gdzie czuj\u0119 si\u0119 jak ryba w wodzie.<br>Pomimo mojej pasji do podr\u00f3\u017cy, jestem tak\u017ce domatorem. Uwielbiam sp\u0119dza\u0107 czas w domowym zaciszu, czytaj\u0105c ksi\u0105\u017cki, ogl\u0105daj\u0105c filmy lub gotuj\u0105c pyszne potrawy dla bliskich.<br>A je\u015bli chodzi o moje domowe zacisze to&#8230; jest nas na dzie\u0144 dzisiejszy jest nas sz\u00f3stka. Ja, m\u0105\u017c O. c\u00f3rka L. syn A. pies Fanta, kot Lia i&#8230; c\u00f3rka w drodze \ud83d\ude00<\/p>\n\n\n\n<p class=\"has-text-align-center\">Uwielbiam zwierz\u0119ta. Mam psa i kota, kt\u00f3re s\u0105 dla mnie jak cz\u0142onkowie rodziny. Sp\u0119dzanie czasu z nimi sprawia mi ogromn\u0105 rado\u015b\u0107 i relaksuje mnie po ci\u0119\u017ckim dniu.<\/p>\n\n\n\n<p>.<br>Dlatego ta strona to nie tylko galeria zdj\u0119\u0107, fotografia podr\u00f3\u017cnicza. To zaproszenie do \u015bwiata, w kt\u00f3rym podr\u00f3\u017ce, obraz i d\u017awi\u0119k tworz\u0105 jedn\u0105 opowie\u015b\u0107. Mam nadziej\u0119, \u017ce zostaniesz na d\u0142u\u017cej \u2615<\/p>\n\n\n\n<div data-wp-context=\"{ &quot;autoclose&quot;: false, &quot;accordionItems&quot;: [] }\" data-wp-interactive=\"core\/accordion\" role=\"group\" class=\"wp-block-accordion is-layout-flow wp-block-accordion-is-layout-flow\">\n<div data-wp-class--is-open=\"state.isOpen\" data-wp-context=\"{ &quot;id&quot;: &quot;accordion-item-1&quot;, &quot;openByDefault&quot;: false }\" data-wp-init=\"callbacks.initAccordionItems\" data-wp-on-window--hashchange=\"callbacks.hashChange\" class=\"wp-block-accordion-item is-layout-flow wp-block-accordion-item-is-layout-flow\">\n<h3 class=\"wp-block-accordion-heading\"><button aria-expanded=\"false\" aria-controls=\"accordion-item-1-panel\" data-wp-bind--aria-expanded=\"state.isOpen\" data-wp-on--click=\"actions.toggle\" data-wp-on--keydown=\"actions.handleKeyDown\" id=\"accordion-item-1\" type=\"button\" class=\"wp-block-accordion-heading__toggle\"><span class=\"wp-block-accordion-heading__toggle-title\"><\/span><span class=\"wp-block-accordion-heading__toggle-icon\" aria-hidden=\"true\">+<\/span><\/button><\/h3>\n\n\n\n<div inert aria-labelledby=\"accordion-item-1\" data-wp-bind--inert=\"!state.isOpen\" id=\"accordion-item-1-panel\" role=\"region\" class=\"wp-block-accordion-panel is-layout-flow wp-block-accordion-panel-is-layout-flow\">\n<p><\/p>\n<\/div>\n<\/div>\n<\/div>\n\n\n\n<figure class=\"wp-block-gallery has-nested-images columns-default is-cropped wp-block-gallery-2 is-layout-flex wp-block-gallery-is-layout-flex\">\n<figure class=\"wp-block-image size-large\"><img decoding=\"async\" width=\"1024\" height=\"768\" data-id=\"274\" data-src=\"https:\/\/fotografiaikawa.pl\/wp-content\/uploads\/2025\/07\/1-fotografia-i-kawa-o-poranku-1024x768.jpg\" alt=\"zapach kawy i \u015bwiat\u0142o poranka\" class=\"wp-image-274 lazyload\" data-srcset=\"https:\/\/fotografiaikawa.pl\/wp-content\/uploads\/2025\/07\/1-fotografia-i-kawa-o-poranku-1024x768.jpg 1024w, https:\/\/fotografiaikawa.pl\/wp-content\/uploads\/2025\/07\/1-fotografia-i-kawa-o-poranku-300x225.jpg 300w, https:\/\/fotografiaikawa.pl\/wp-content\/uploads\/2025\/07\/1-fotografia-i-kawa-o-poranku-768x576.jpg 768w, https:\/\/fotografiaikawa.pl\/wp-content\/uploads\/2025\/07\/1-fotografia-i-kawa-o-poranku-1536x1152.jpg 1536w, https:\/\/fotografiaikawa.pl\/wp-content\/uploads\/2025\/07\/1-fotografia-i-kawa-o-poranku-2048x1536.jpg 2048w, https:\/\/fotografiaikawa.pl\/wp-content\/uploads\/2025\/07\/1-fotografia-i-kawa-o-poranku-1140x855.jpg 1140w, https:\/\/fotografiaikawa.pl\/wp-content\/uploads\/2025\/07\/1-fotografia-i-kawa-o-poranku-scaled.jpg 2000w\" data-sizes=\"(max-width: 1024px) 100vw, 1024px\" src=\"data:image\/svg+xml;base64,PHN2ZyB3aWR0aD0iMSIgaGVpZ2h0PSIxIiB4bWxucz0iaHR0cDovL3d3dy53My5vcmcvMjAwMC9zdmciPjwvc3ZnPg==\" style=\"--smush-placeholder-width: 1024px; --smush-placeholder-aspect-ratio: 1024\/768;\" \/><\/figure>\n\n\n\n<figure class=\"wp-block-image size-large\"><img decoding=\"async\" width=\"768\" height=\"1024\" data-id=\"275\" data-src=\"https:\/\/fotografiaikawa.pl\/wp-content\/uploads\/2025\/07\/2-fotografia-i-kawa-oporanku-768x1024.jpg\" alt=\"zapach kawy i \u015bwiat\u0142o poranka\" class=\"wp-image-275 lazyload\" data-srcset=\"https:\/\/fotografiaikawa.pl\/wp-content\/uploads\/2025\/07\/2-fotografia-i-kawa-oporanku-768x1024.jpg 768w, https:\/\/fotografiaikawa.pl\/wp-content\/uploads\/2025\/07\/2-fotografia-i-kawa-oporanku-225x300.jpg 225w, https:\/\/fotografiaikawa.pl\/wp-content\/uploads\/2025\/07\/2-fotografia-i-kawa-oporanku-1152x1536.jpg 1152w, https:\/\/fotografiaikawa.pl\/wp-content\/uploads\/2025\/07\/2-fotografia-i-kawa-oporanku-1536x2048.jpg 1536w, https:\/\/fotografiaikawa.pl\/wp-content\/uploads\/2025\/07\/2-fotografia-i-kawa-oporanku-1140x1520.jpg 1140w, https:\/\/fotografiaikawa.pl\/wp-content\/uploads\/2025\/07\/2-fotografia-i-kawa-oporanku-scaled.jpg 1920w\" data-sizes=\"(max-width: 768px) 100vw, 768px\" src=\"data:image\/svg+xml;base64,PHN2ZyB3aWR0aD0iMSIgaGVpZ2h0PSIxIiB4bWxucz0iaHR0cDovL3d3dy53My5vcmcvMjAwMC9zdmciPjwvc3ZnPg==\" style=\"--smush-placeholder-width: 768px; --smush-placeholder-aspect-ratio: 768\/1024;\" \/><\/figure>\n\n\n\n<figure class=\"wp-block-image size-large\"><img decoding=\"async\" width=\"768\" height=\"1024\" data-id=\"276\" data-src=\"https:\/\/fotografiaikawa.pl\/wp-content\/uploads\/2025\/07\/3-fotoggrafia-i-kawa-o-poranku-768x1024.jpg\" alt=\"zapach kawy i \u015bwiat\u0142o poranka\" class=\"wp-image-276 lazyload\" data-srcset=\"https:\/\/fotografiaikawa.pl\/wp-content\/uploads\/2025\/07\/3-fotoggrafia-i-kawa-o-poranku-768x1024.jpg 768w, https:\/\/fotografiaikawa.pl\/wp-content\/uploads\/2025\/07\/3-fotoggrafia-i-kawa-o-poranku-225x300.jpg 225w, https:\/\/fotografiaikawa.pl\/wp-content\/uploads\/2025\/07\/3-fotoggrafia-i-kawa-o-poranku-1152x1536.jpg 1152w, https:\/\/fotografiaikawa.pl\/wp-content\/uploads\/2025\/07\/3-fotoggrafia-i-kawa-o-poranku-1536x2048.jpg 1536w, https:\/\/fotografiaikawa.pl\/wp-content\/uploads\/2025\/07\/3-fotoggrafia-i-kawa-o-poranku-1140x1520.jpg 1140w, https:\/\/fotografiaikawa.pl\/wp-content\/uploads\/2025\/07\/3-fotoggrafia-i-kawa-o-poranku-scaled.jpg 1920w\" data-sizes=\"(max-width: 768px) 100vw, 768px\" src=\"data:image\/svg+xml;base64,PHN2ZyB3aWR0aD0iMSIgaGVpZ2h0PSIxIiB4bWxucz0iaHR0cDovL3d3dy53My5vcmcvMjAwMC9zdmciPjwvc3ZnPg==\" style=\"--smush-placeholder-width: 768px; --smush-placeholder-aspect-ratio: 768\/1024;\" \/><\/figure>\n<\/figure>\n\n\n\n<p class=\"has-text-align-center\"><a href=\"https:\/\/www.instagram.com\/fotografia_i_kawa\/#\" target=\"_blank\" rel=\"noreferrer noopener\"><strong>IG<\/strong> Fotografia i kawa <em>Podr\u00f3\u017ce Obraz D\u017awi\u0119k<\/em><\/a><\/p>\n\n\n\n<p class=\"has-text-align-center\"><a href=\"https:\/\/fotografiaikawa.pl\/index.php\/kontakt\/\" target=\"_blank\" rel=\"noreferrer noopener\">Kontakt<\/a><\/p>\n\n\n<div class=\"wp-block-image\">\n<figure class=\"aligncenter size-full is-resized\"><img decoding=\"async\" width=\"500\" height=\"500\" data-src=\"https:\/\/fotografiaikawa.pl\/wp-content\/uploads\/2026\/01\/FOTOGRAFIA-I-KAWA-1.png\" alt=\"\" class=\"wp-image-627 lazyload\" style=\"--smush-placeholder-width: 500px; --smush-placeholder-aspect-ratio: 500\/500;width:398px;height:auto\" data-srcset=\"https:\/\/fotografiaikawa.pl\/wp-content\/uploads\/2026\/01\/FOTOGRAFIA-I-KAWA-1.png 500w, https:\/\/fotografiaikawa.pl\/wp-content\/uploads\/2026\/01\/FOTOGRAFIA-I-KAWA-1-300x300.png 300w, https:\/\/fotografiaikawa.pl\/wp-content\/uploads\/2026\/01\/FOTOGRAFIA-I-KAWA-1-150x150.png 150w, https:\/\/fotografiaikawa.pl\/wp-content\/uploads\/2026\/01\/FOTOGRAFIA-I-KAWA-1-75x75.png 75w\" data-sizes=\"(max-width: 500px) 100vw, 500px\" src=\"data:image\/svg+xml;base64,PHN2ZyB3aWR0aD0iMSIgaGVpZ2h0PSIxIiB4bWxucz0iaHR0cDovL3d3dy53My5vcmcvMjAwMC9zdmciPjwvc3ZnPg==\" \/><\/figure>\n<\/div>","protected":false},"excerpt":{"rendered":"<p>Tworz\u0119 ten projekt jako przewodnik nie tylko podr\u00f3\u017cniczy, ale i po codziennym pi\u0119knie, -spokojnych porankach i chwilach kt\u00f3re warto zatrzyma\u0107. Fotografia i kawa Podr\u00f3\u017ce Obraz D\u017awi\u0119k to opowie\u015bci z miejsc kt\u00f3re odwiedzi\u0142am widziane przez obiektyw, kubek dobrej kawy z muzyk\u0105 w tle. Zach\u0119cam by podr\u00f3\u017cowa\u0107 wolniej, odkrywa\u0107 nie tylko miejsca ale te\u017c nastr\u00f3j, muzyk\u0119, atmosfer\u0119, kolory i emocje. Kocham fotografi\u0119 -szczeg\u00f3lnie te ma\u0142e momenty: \u015bwiat\u0142o &#8222;padaj\u0105ce na kubek kawy&#8221;, u\u015bmiech z\u0142apany przypadkiem, detale z podr\u00f3\u017cy, kt\u00f3re pozostaj\u0105 w pami\u0119ci. Aby stworzy\u0107 udany reporta\u017c fotograficzny, fotograf musi by\u0107 nie tylko dobrym technicznie, ale tak\u017ce potrafi\u0107 porusza\u0107 si\u0119 w r\u00f3\u017cnych \u015brodowiskach i nawi\u0105zywa\u0107 kontakt z lud\u017ami.Reporta\u017ce fotograficzne to nie tylko zbi\u00f3r zdj\u0119\u0107, ale tak\u017ce forma sztuki, kt\u00f3ra potrafi poruszy\u0107 i zainspirowa\u0107. Dzi\u0119ki nim mo\u017cemy spojrze\u0107 na \u015bwiat z innej perspektywy i lepiej zrozumie\u0107 ludzi i ich historie. Dlatego warto si\u0119gn\u0105\u0107 po reporta\u017ce fotograficzne i odkry\u0107 magi\u0119 tej niezwyk\u0142ej formy sztuki. Kawa to dla mnie co\u015b wi\u0119cej ni\u017c nap\u00f3j. To rytua\u0142, pretekst do zatrzymania si\u0119, a czasem temat zdj\u0119cia. Uwielbiam odkrywa\u0107 klimatyczne kawiarnie i celebrowa\u0107 ten moment doceniaj\u0105c wszystko co nas otacza, muzyk\u0119. Muzyka towarzyszy mi tak samo jak aparat i kubek kawy. Jest t\u0142em do drogi, do zatrzymania si\u0119, do patrzenia uwa\u017cniej. Cz\u0119sto to w\u0142a\u015bnie d\u017awi\u0119k jako pierwszy buduje nastr\u00f3j miejsca \u2014 zanim jeszcze powstanie zdj\u0119cie. Podr\u00f3\u017cuj\u0119, obserwuj\u0119, zapisuj\u0119 w kadrach. Jestem wielkim mi\u0142o\u015bnikiem podr\u00f3\u017cy. Moje ulubione destynacje to Europa, gdzie czuj\u0119 si\u0119 jak ryba w wodzie.Pomimo mojej pasji do podr\u00f3\u017cy, jestem tak\u017ce domatorem. Uwielbiam sp\u0119dza\u0107 czas w domowym zaciszu, czytaj\u0105c ksi\u0105\u017cki, ogl\u0105daj\u0105c filmy lub gotuj\u0105c pyszne potrawy dla bliskich.A je\u015bli chodzi o moje domowe zacisze to&#8230; jest nas na dzie\u0144 dzisiejszy jest nas sz\u00f3stka. Ja, m\u0105\u017c O. c\u00f3rka L. syn A. pies Fanta, kot Lia i&#8230; c\u00f3rka w drodze \ud83d\ude00 Uwielbiam zwierz\u0119ta. Mam psa i kota, kt\u00f3re s\u0105 dla mnie jak cz\u0142onkowie rodziny. Sp\u0119dzanie czasu z nimi sprawia mi ogromn\u0105 rado\u015b\u0107 i relaksuje mnie po ci\u0119\u017ckim dniu. .Dlatego ta strona to nie tylko galeria zdj\u0119\u0107, fotografia podr\u00f3\u017cnicza. To zaproszenie do \u015bwiata, w kt\u00f3rym podr\u00f3\u017ce, obraz i d\u017awi\u0119k tworz\u0105 jedn\u0105 opowie\u015b\u0107. Mam nadziej\u0119, \u017ce zostaniesz na d\u0142u\u017cej \u2615 IG Fotografia i kawa Podr\u00f3\u017ce Obraz D\u017awi\u0119k Kontakt<\/p>\n","protected":false},"author":1,"featured_media":0,"parent":0,"menu_order":1,"comment_status":"closed","ping_status":"closed","template":"","meta":{"footnotes":""},"class_list":["post-181","page","type-page","status-publish","hentry"],"yoast_head":"<!-- This site is optimized with the Yoast SEO plugin v27.4 - https:\/\/yoast.com\/product\/yoast-seo-wordpress\/ -->\n<title>Fotografia podr\u00f3\u017cnicza -Po co to robi\u0119? -<\/title>\n<meta name=\"description\" content=\"Fotografia podr\u00f3\u017cnicza Fotografia i kawa -obraz i muzyka widziane moimi oczami. Reporta\u017ce z miejsc kt\u00f3re odwiedzi\u0142am, zapraszam...\" \/>\n<meta name=\"robots\" content=\"index, follow, max-snippet:-1, max-image-preview:large, max-video-preview:-1\" \/>\n<link rel=\"canonical\" href=\"https:\/\/fotografiaikawa.pl\/index.php\/o-mnie-fotografia-podroznicza\/\" \/>\n<meta property=\"og:locale\" content=\"pl_PL\" \/>\n<meta property=\"og:type\" content=\"article\" \/>\n<meta property=\"og:title\" content=\"Fotografia podr\u00f3\u017cnicza -Po co to robi\u0119? -\" \/>\n<meta property=\"og:description\" content=\"Fotografia podr\u00f3\u017cnicza Fotografia i kawa -obraz i muzyka widziane moimi oczami. Reporta\u017ce z miejsc kt\u00f3re odwiedzi\u0142am, zapraszam...\" \/>\n<meta property=\"og:url\" content=\"https:\/\/fotografiaikawa.pl\/index.php\/o-mnie-fotografia-podroznicza\/\" \/>\n<meta property=\"article:modified_time\" content=\"2026-02-06T14:05:53+00:00\" \/>\n<meta property=\"og:image\" content=\"https:\/\/fotografiaikawa.pl\/wp-content\/uploads\/2025\/07\/1-fotografia-i-kawa-o-poranku-scaled.jpg\" \/>\n\t<meta property=\"og:image:width\" content=\"2000\" \/>\n\t<meta property=\"og:image:height\" content=\"1500\" \/>\n\t<meta property=\"og:image:type\" content=\"image\/jpeg\" \/>\n<meta name=\"twitter:card\" content=\"summary_large_image\" \/>\n<meta name=\"twitter:label1\" content=\"Szacowany czas czytania\" \/>\n\t<meta name=\"twitter:data1\" content=\"3 minuty\" \/>\n<script type=\"application\/ld+json\" class=\"yoast-schema-graph\">{\"@context\":\"https:\\\/\\\/schema.org\",\"@graph\":[{\"@type\":\"WebPage\",\"@id\":\"https:\\\/\\\/fotografiaikawa.pl\\\/\",\"url\":\"https:\\\/\\\/fotografiaikawa.pl\\\/index.php\\\/o-mnie-fotografia-podroznicza\\\/\",\"name\":\"Fotografia podr\u00f3\u017cnicza -Po co to robi\u0119? -\",\"isPartOf\":{\"@id\":\"https:\\\/\\\/fotografiaikawa.pl\\\/#website\"},\"primaryImageOfPage\":{\"@id\":\"https:\\\/\\\/fotografiaikawa.pl\\\/index.php\\\/o-mnie-fotografia-podroznicza\\\/#primaryimage\"},\"image\":{\"@id\":\"https:\\\/\\\/fotografiaikawa.pl\\\/index.php\\\/o-mnie-fotografia-podroznicza\\\/#primaryimage\"},\"thumbnailUrl\":\"https:\\\/\\\/fotografiaikawa.pl\\\/wp-content\\\/uploads\\\/2025\\\/07\\\/1-fotografia-i-kawa-o-poranku-1024x768.jpg\",\"datePublished\":\"2025-08-04T09:24:17+00:00\",\"dateModified\":\"2026-02-06T14:05:53+00:00\",\"description\":\"Fotografia podr\u00f3\u017cnicza Fotografia i kawa -obraz i muzyka widziane moimi oczami. Reporta\u017ce z miejsc kt\u00f3re odwiedzi\u0142am, zapraszam...\",\"breadcrumb\":{\"@id\":\"https:\\\/\\\/fotografiaikawa.pl\\\/index.php\\\/o-mnie-fotografia-podroznicza\\\/#breadcrumb\"},\"inLanguage\":\"pl-PL\",\"potentialAction\":[{\"@type\":\"ReadAction\",\"target\":[\"https:\\\/\\\/fotografiaikawa.pl\\\/index.php\\\/o-mnie-fotografia-podroznicza\\\/\"]}]},{\"@type\":\"ImageObject\",\"inLanguage\":\"pl-PL\",\"@id\":\"https:\\\/\\\/fotografiaikawa.pl\\\/index.php\\\/o-mnie-fotografia-podroznicza\\\/#primaryimage\",\"url\":\"https:\\\/\\\/fotografiaikawa.pl\\\/wp-content\\\/uploads\\\/2025\\\/07\\\/1-fotografia-i-kawa-o-poranku-scaled.jpg\",\"contentUrl\":\"https:\\\/\\\/fotografiaikawa.pl\\\/wp-content\\\/uploads\\\/2025\\\/07\\\/1-fotografia-i-kawa-o-poranku-scaled.jpg\",\"width\":2000,\"height\":1500,\"caption\":\"zapach kawy i \u015bwiat\u0142o poranka\"},{\"@type\":\"BreadcrumbList\",\"@id\":\"https:\\\/\\\/fotografiaikawa.pl\\\/index.php\\\/o-mnie-fotografia-podroznicza\\\/#breadcrumb\",\"itemListElement\":[{\"@type\":\"ListItem\",\"position\":1,\"name\":\"Home\",\"item\":\"https:\\\/\\\/fotografiaikawa.pl\\\/\"},{\"@type\":\"ListItem\",\"position\":2,\"name\":\"Fotografia podr\u00f3\u017cnicza -Po co to robi\u0119?\"}]},{\"@type\":\"WebSite\",\"@id\":\"https:\\\/\\\/fotografiaikawa.pl\\\/#website\",\"url\":\"https:\\\/\\\/fotografiaikawa.pl\\\/\",\"name\":\"fotografiaikawa.pl\",\"description\":\"\",\"publisher\":{\"@id\":\"https:\\\/\\\/fotografiaikawa.pl\\\/#\\\/schema\\\/person\\\/a18c263cd591065ed4c6961861bf6261\"},\"alternateName\":\"fotografia i kawa\",\"potentialAction\":[{\"@type\":\"SearchAction\",\"target\":{\"@type\":\"EntryPoint\",\"urlTemplate\":\"https:\\\/\\\/fotografiaikawa.pl\\\/?s={search_term_string}\"},\"query-input\":{\"@type\":\"PropertyValueSpecification\",\"valueRequired\":true,\"valueName\":\"search_term_string\"}}],\"inLanguage\":\"pl-PL\"},{\"@type\":[\"Person\",\"Organization\"],\"@id\":\"https:\\\/\\\/fotografiaikawa.pl\\\/#\\\/schema\\\/person\\\/a18c263cd591065ed4c6961861bf6261\",\"name\":\"Fotografia i kawa\",\"image\":{\"@type\":\"ImageObject\",\"inLanguage\":\"pl-PL\",\"@id\":\"https:\\\/\\\/secure.gravatar.com\\\/avatar\\\/6541f644f50dfdf6caed258f365bfa92a051a86bed05bb3d187ba7b67e9ca971?s=96&d=initials&r=g&initials=ga\",\"url\":\"https:\\\/\\\/secure.gravatar.com\\\/avatar\\\/6541f644f50dfdf6caed258f365bfa92a051a86bed05bb3d187ba7b67e9ca971?s=96&d=initials&r=g&initials=ga\",\"contentUrl\":\"https:\\\/\\\/secure.gravatar.com\\\/avatar\\\/6541f644f50dfdf6caed258f365bfa92a051a86bed05bb3d187ba7b67e9ca971?s=96&d=initials&r=g&initials=ga\",\"caption\":\"Fotografia i kawa\"},\"logo\":{\"@id\":\"https:\\\/\\\/secure.gravatar.com\\\/avatar\\\/6541f644f50dfdf6caed258f365bfa92a051a86bed05bb3d187ba7b67e9ca971?s=96&d=initials&r=g&initials=ga\"},\"sameAs\":[\"http:\\\/\\\/fotografiaikawa.pl\",\"https:\\\/\\\/www.instagram.com\\\/fotografia_i_kawa\\\/#\",\"https:\\\/\\\/pinterest.com\\\/fotografiaikawa\"]}]}<\/script>\n<!-- \/ Yoast SEO plugin. -->","yoast_head_json":{"title":"Fotografia podr\u00f3\u017cnicza -Po co to robi\u0119? -","description":"Fotografia podr\u00f3\u017cnicza Fotografia i kawa -obraz i muzyka widziane moimi oczami. Reporta\u017ce z miejsc kt\u00f3re odwiedzi\u0142am, zapraszam...","robots":{"index":"index","follow":"follow","max-snippet":"max-snippet:-1","max-image-preview":"max-image-preview:large","max-video-preview":"max-video-preview:-1"},"canonical":"https:\/\/fotografiaikawa.pl\/index.php\/o-mnie-fotografia-podroznicza\/","og_locale":"pl_PL","og_type":"article","og_title":"Fotografia podr\u00f3\u017cnicza -Po co to robi\u0119? -","og_description":"Fotografia podr\u00f3\u017cnicza Fotografia i kawa -obraz i muzyka widziane moimi oczami. Reporta\u017ce z miejsc kt\u00f3re odwiedzi\u0142am, zapraszam...","og_url":"https:\/\/fotografiaikawa.pl\/index.php\/o-mnie-fotografia-podroznicza\/","article_modified_time":"2026-02-06T14:05:53+00:00","og_image":[{"width":2000,"height":1500,"url":"https:\/\/fotografiaikawa.pl\/wp-content\/uploads\/2025\/07\/1-fotografia-i-kawa-o-poranku-scaled.jpg","type":"image\/jpeg"}],"twitter_card":"summary_large_image","twitter_misc":{"Szacowany czas czytania":"3 minuty"},"schema":{"@context":"https:\/\/schema.org","@graph":[{"@type":"WebPage","@id":"https:\/\/fotografiaikawa.pl\/","url":"https:\/\/fotografiaikawa.pl\/index.php\/o-mnie-fotografia-podroznicza\/","name":"Fotografia podr\u00f3\u017cnicza -Po co to robi\u0119? -","isPartOf":{"@id":"https:\/\/fotografiaikawa.pl\/#website"},"primaryImageOfPage":{"@id":"https:\/\/fotografiaikawa.pl\/index.php\/o-mnie-fotografia-podroznicza\/#primaryimage"},"image":{"@id":"https:\/\/fotografiaikawa.pl\/index.php\/o-mnie-fotografia-podroznicza\/#primaryimage"},"thumbnailUrl":"https:\/\/fotografiaikawa.pl\/wp-content\/uploads\/2025\/07\/1-fotografia-i-kawa-o-poranku-1024x768.jpg","datePublished":"2025-08-04T09:24:17+00:00","dateModified":"2026-02-06T14:05:53+00:00","description":"Fotografia podr\u00f3\u017cnicza Fotografia i kawa -obraz i muzyka widziane moimi oczami. Reporta\u017ce z miejsc kt\u00f3re odwiedzi\u0142am, zapraszam...","breadcrumb":{"@id":"https:\/\/fotografiaikawa.pl\/index.php\/o-mnie-fotografia-podroznicza\/#breadcrumb"},"inLanguage":"pl-PL","potentialAction":[{"@type":"ReadAction","target":["https:\/\/fotografiaikawa.pl\/index.php\/o-mnie-fotografia-podroznicza\/"]}]},{"@type":"ImageObject","inLanguage":"pl-PL","@id":"https:\/\/fotografiaikawa.pl\/index.php\/o-mnie-fotografia-podroznicza\/#primaryimage","url":"https:\/\/fotografiaikawa.pl\/wp-content\/uploads\/2025\/07\/1-fotografia-i-kawa-o-poranku-scaled.jpg","contentUrl":"https:\/\/fotografiaikawa.pl\/wp-content\/uploads\/2025\/07\/1-fotografia-i-kawa-o-poranku-scaled.jpg","width":2000,"height":1500,"caption":"zapach kawy i \u015bwiat\u0142o poranka"},{"@type":"BreadcrumbList","@id":"https:\/\/fotografiaikawa.pl\/index.php\/o-mnie-fotografia-podroznicza\/#breadcrumb","itemListElement":[{"@type":"ListItem","position":1,"name":"Home","item":"https:\/\/fotografiaikawa.pl\/"},{"@type":"ListItem","position":2,"name":"Fotografia podr\u00f3\u017cnicza -Po co to robi\u0119?"}]},{"@type":"WebSite","@id":"https:\/\/fotografiaikawa.pl\/#website","url":"https:\/\/fotografiaikawa.pl\/","name":"fotografiaikawa.pl","description":"","publisher":{"@id":"https:\/\/fotografiaikawa.pl\/#\/schema\/person\/a18c263cd591065ed4c6961861bf6261"},"alternateName":"fotografia i kawa","potentialAction":[{"@type":"SearchAction","target":{"@type":"EntryPoint","urlTemplate":"https:\/\/fotografiaikawa.pl\/?s={search_term_string}"},"query-input":{"@type":"PropertyValueSpecification","valueRequired":true,"valueName":"search_term_string"}}],"inLanguage":"pl-PL"},{"@type":["Person","Organization"],"@id":"https:\/\/fotografiaikawa.pl\/#\/schema\/person\/a18c263cd591065ed4c6961861bf6261","name":"Fotografia i kawa","image":{"@type":"ImageObject","inLanguage":"pl-PL","@id":"https:\/\/secure.gravatar.com\/avatar\/6541f644f50dfdf6caed258f365bfa92a051a86bed05bb3d187ba7b67e9ca971?s=96&d=initials&r=g&initials=ga","url":"https:\/\/secure.gravatar.com\/avatar\/6541f644f50dfdf6caed258f365bfa92a051a86bed05bb3d187ba7b67e9ca971?s=96&d=initials&r=g&initials=ga","contentUrl":"https:\/\/secure.gravatar.com\/avatar\/6541f644f50dfdf6caed258f365bfa92a051a86bed05bb3d187ba7b67e9ca971?s=96&d=initials&r=g&initials=ga","caption":"Fotografia i kawa"},"logo":{"@id":"https:\/\/secure.gravatar.com\/avatar\/6541f644f50dfdf6caed258f365bfa92a051a86bed05bb3d187ba7b67e9ca971?s=96&d=initials&r=g&initials=ga"},"sameAs":["http:\/\/fotografiaikawa.pl","https:\/\/www.instagram.com\/fotografia_i_kawa\/#","https:\/\/pinterest.com\/fotografiaikawa"]}]}},"_links":{"self":[{"href":"https:\/\/fotografiaikawa.pl\/index.php\/wp-json\/wp\/v2\/pages\/181","targetHints":{"allow":["GET"]}}],"collection":[{"href":"https:\/\/fotografiaikawa.pl\/index.php\/wp-json\/wp\/v2\/pages"}],"about":[{"href":"https:\/\/fotografiaikawa.pl\/index.php\/wp-json\/wp\/v2\/types\/page"}],"author":[{"embeddable":true,"href":"https:\/\/fotografiaikawa.pl\/index.php\/wp-json\/wp\/v2\/users\/1"}],"replies":[{"embeddable":true,"href":"https:\/\/fotografiaikawa.pl\/index.php\/wp-json\/wp\/v2\/comments?post=181"}],"version-history":[{"count":58,"href":"https:\/\/fotografiaikawa.pl\/index.php\/wp-json\/wp\/v2\/pages\/181\/revisions"}],"predecessor-version":[{"id":837,"href":"https:\/\/fotografiaikawa.pl\/index.php\/wp-json\/wp\/v2\/pages\/181\/revisions\/837"}],"wp:attachment":[{"href":"https:\/\/fotografiaikawa.pl\/index.php\/wp-json\/wp\/v2\/media?parent=181"}],"curies":[{"name":"wp","href":"https:\/\/api.w.org\/{rel}","templated":true}]}}