{"id":111,"date":"2025-07-21T17:05:42","date_gmt":"2025-07-21T17:05:42","guid":{"rendered":"https:\/\/fotografiaikawa.pl\/?page_id=111"},"modified":"2025-09-17T16:49:08","modified_gmt":"2025-09-17T16:49:08","slug":"o-mnie-2","status":"publish","type":"page","link":"https:\/\/fotografiaikawa.pl\/index.php\/o-mnie-2\/","title":{"rendered":"Blog"},"content":{"rendered":"\n<div class=\"wp-block-group\"><div class=\"wp-block-group__inner-container is-layout-constrained wp-block-group-is-layout-constrained\">\n<p class=\"has-text-align-center\">Kilka s\u0142\u00f3w o moim blogu.<\/p>\n<\/div><\/div>\n\n\n\n<p><br><\/p>\n\n\n\n<blockquote class=\"wp-block-quote is-layout-flow wp-block-quote-is-layout-flow\">\n<p class=\"has-text-align-left\"><a href=\"https:\/\/www.instagram.com\/fotografia_i_kawa\/#\"><em>Cze\u015b\u0107 jestem Basia. Tworz\u0119 ten projekt jako przewodnik nie tylko podr\u00f3\u017cniczy, ale i po codziennym pi\u0119knie, -spokojnych porankach i chwilach kt\u00f3re warto zatrzyma\u0107. To opowie\u015bci z miejsc kt\u00f3re odwiedzi\u0142am widziane przez obiektyw i kubek dobrej kawy. Zach\u0119cam by podr\u00f3\u017cowa\u0107 wolniej, odkrywa\u0107 nie tylko miejsca ale te\u017c nastr\u00f3j, atmosfer\u0119, kolory i emocje. Lubi\u0119 je\u015b\u0107, gotowa\u0107 i dzieli\u0107 si\u0119 domowymi smakami. W podr\u00f3\u017cach z ciekawo\u015bci\u0105 odwiedzam restauracje, lokalne bary i kawiarnie, by poznawa\u0107 nowe potrawy i inspiruj\u0105ce po\u0142\u0105czenie smak\u00f3w.<\/em><\/a><\/p>\n<\/blockquote>\n\n\n\n<p><br><br><\/p>\n\n\n\n<div class=\"wp-block-group\"><div class=\"wp-block-group__inner-container is-layout-constrained wp-block-group-is-layout-constrained\">\n<p class=\"has-small-font-size\">Kocham fotografi\u0119 -szczeg\u00f3lnie te ma\u0142e momenty: \u015bwiat\u0142o &#8222;padaj\u0105ce na kubek kawy&#8221;, u\u015bmiech z\u0142apany przypadkiem, detale z podr\u00f3\u017cy, kt\u00f3re pozostaj\u0105 w pami\u0119ci.<\/p>\n\n\n\n<p class=\"has-small-font-size\">Kawa to dla mnie co\u015b wi\u0119cej ni\u017c nap\u00f3j. To rytua\u0142, pretekst do zatrzymania si\u0119, a czasem temat zdj\u0119cia. Uwielbiam odkrywa\u0107 klimatyczne kawiarnie i celebrowa\u0107 ten moment.<\/p>\n\n\n\n<p class=\"has-small-font-size\">Gotowanie i pieczenie s\u0105 moim drugim j\u0119zykiem mi\u0142o\u015bci. Lubi\u0119 eksperymentowa\u0107 w kuchni, tworzyc ciep\u0142e, aromatyczne przestrzenie i dzieli\u0107 si\u0119 tym, co przygotowa\u0142am.<\/p>\n\n\n\n<p class=\"has-small-font-size\">Podr\u00f3\u017cuj\u0119, obserwuj\u0119, zapisuj\u0119 w kadrach.<\/p>\n\n\n\n<p class=\"has-small-font-size\">Ta strona to ma\u0142y \u015bwiat -\u0142\u0105cz\u0119 tu obraz , smak i opowie\u015b\u0107. Mam nadziej\u0119, \u017ce zostaniesz na d\u0142u\u017cej.<\/p>\n<\/div><\/div>\n\n\n\n<div class=\"wp-block-columns is-layout-flex wp-container-core-columns-is-layout-28f84493 wp-block-columns-is-layout-flex\">\n<div class=\"wp-block-column is-layout-flow wp-block-column-is-layout-flow\" style=\"flex-basis:100%\">\n<p><a href=\"https:\/\/fotografiaikawa.pl\/index.php\/kontakt\/\" target=\"_blank\" rel=\"noreferrer noopener\">Kontakt<\/a><\/p>\n<\/div>\n<\/div>\n\n\n\n<figure class=\"wp-block-gallery has-nested-images columns-default is-cropped wp-block-gallery-1 is-layout-flex wp-block-gallery-is-layout-flex\">\n<figure class=\"wp-block-image size-large\"><img decoding=\"async\" width=\"768\" height=\"1024\" data-id=\"154\" data-src=\"https:\/\/fotografiaikawa.pl\/wp-content\/uploads\/2025\/08\/o-mnie-768x1024.jpg\" alt=\"Podr\u00f3\u017ce, fotografia,\" class=\"wp-image-154 lazyload\" data-srcset=\"https:\/\/fotografiaikawa.pl\/wp-content\/uploads\/2025\/08\/o-mnie-768x1024.jpg 768w, https:\/\/fotografiaikawa.pl\/wp-content\/uploads\/2025\/08\/o-mnie-225x300.jpg 225w, https:\/\/fotografiaikawa.pl\/wp-content\/uploads\/2025\/08\/o-mnie-1152x1536.jpg 1152w, https:\/\/fotografiaikawa.pl\/wp-content\/uploads\/2025\/08\/o-mnie-1140x1520.jpg 1140w, https:\/\/fotografiaikawa.pl\/wp-content\/uploads\/2025\/08\/o-mnie.jpg 1530w\" data-sizes=\"(max-width: 768px) 100vw, 768px\" src=\"data:image\/svg+xml;base64,PHN2ZyB3aWR0aD0iMSIgaGVpZ2h0PSIxIiB4bWxucz0iaHR0cDovL3d3dy53My5vcmcvMjAwMC9zdmciPjwvc3ZnPg==\" style=\"--smush-placeholder-width: 768px; --smush-placeholder-aspect-ratio: 768\/1024;\" \/><\/figure>\n<\/figure>\n\n\n\n<p><\/p>\n","protected":false},"excerpt":{"rendered":"<p>Kilka s\u0142\u00f3w o moim blogu. Cze\u015b\u0107 jestem Basia. Tworz\u0119 ten projekt jako przewodnik nie tylko podr\u00f3\u017cniczy, ale i po codziennym pi\u0119knie, -spokojnych porankach i chwilach kt\u00f3re warto zatrzyma\u0107. To opowie\u015bci z miejsc kt\u00f3re odwiedzi\u0142am widziane przez obiektyw i kubek dobrej kawy. Zach\u0119cam by podr\u00f3\u017cowa\u0107 wolniej, odkrywa\u0107 nie tylko miejsca ale te\u017c nastr\u00f3j, atmosfer\u0119, kolory i emocje. Lubi\u0119 je\u015b\u0107, gotowa\u0107 i dzieli\u0107 si\u0119 domowymi smakami. W podr\u00f3\u017cach z ciekawo\u015bci\u0105 odwiedzam restauracje, lokalne bary i kawiarnie, by poznawa\u0107 nowe potrawy i inspiruj\u0105ce po\u0142\u0105czenie smak\u00f3w. Kocham fotografi\u0119 -szczeg\u00f3lnie te ma\u0142e momenty: \u015bwiat\u0142o &#8222;padaj\u0105ce na kubek kawy&#8221;, u\u015bmiech z\u0142apany przypadkiem, detale z podr\u00f3\u017cy, kt\u00f3re pozostaj\u0105 w pami\u0119ci. Kawa to dla mnie co\u015b wi\u0119cej ni\u017c nap\u00f3j. To rytua\u0142, pretekst do zatrzymania si\u0119, a czasem temat zdj\u0119cia. Uwielbiam odkrywa\u0107 klimatyczne kawiarnie i celebrowa\u0107 ten moment. Gotowanie i pieczenie s\u0105 moim drugim j\u0119zykiem mi\u0142o\u015bci. Lubi\u0119 eksperymentowa\u0107 w kuchni, tworzyc ciep\u0142e, aromatyczne przestrzenie i dzieli\u0107 si\u0119 tym, co przygotowa\u0142am. Podr\u00f3\u017cuj\u0119, obserwuj\u0119, zapisuj\u0119 w kadrach. Ta strona to ma\u0142y \u015bwiat -\u0142\u0105cz\u0119 tu obraz , smak i opowie\u015b\u0107. Mam nadziej\u0119, \u017ce zostaniesz na d\u0142u\u017cej. Kontakt<\/p>\n","protected":false},"author":1,"featured_media":0,"parent":0,"menu_order":0,"comment_status":"closed","ping_status":"closed","template":"","meta":{"footnotes":""},"class_list":["post-111","page","type-page","status-publish","hentry"],"yoast_head":"<!-- This site is optimized with the Yoast SEO plugin v27.4 - https:\/\/yoast.com\/product\/yoast-seo-wordpress\/ -->\n<title>Blog - widoki z mojego okna<\/title>\n<meta name=\"description\" content=\"Jestem fotografk\u0105 z zami\u0142owaniem do podr\u00f3\u017cy. Tworze obrazy z wypraw i dziel\u0119 si\u0119 nimi tutaj. Sprawd\u017a kim jestem, i co robi\u0119.\" \/>\n<meta name=\"robots\" content=\"index, follow, max-snippet:-1, max-image-preview:large, max-video-preview:-1\" \/>\n<link rel=\"canonical\" href=\"https:\/\/fotografiaikawa.pl\/index.php\/o-mnie-2\/\" \/>\n<meta property=\"og:locale\" content=\"pl_PL\" \/>\n<meta property=\"og:type\" content=\"article\" \/>\n<meta property=\"og:title\" content=\"Blog - widoki z mojego okna\" \/>\n<meta property=\"og:description\" content=\"Jestem fotografk\u0105 z zami\u0142owaniem do podr\u00f3\u017cy. Tworze obrazy z wypraw i dziel\u0119 si\u0119 nimi tutaj. Sprawd\u017a kim jestem, i co robi\u0119.\" \/>\n<meta property=\"og:url\" content=\"https:\/\/fotografiaikawa.pl\/index.php\/o-mnie-2\/\" \/>\n<meta property=\"article:modified_time\" content=\"2025-09-17T16:49:08+00:00\" \/>\n<meta property=\"og:image\" content=\"https:\/\/fotografiaikawa.pl\/wp-content\/uploads\/2025\/08\/o-mnie-768x1024.jpg\" \/>\n\t<meta property=\"og:image:width\" content=\"768\" \/>\n\t<meta property=\"og:image:height\" content=\"1024\" \/>\n\t<meta property=\"og:image:type\" content=\"image\/jpeg\" \/>\n<meta name=\"twitter:card\" content=\"summary_large_image\" \/>\n<meta name=\"twitter:label1\" content=\"Szacowany czas czytania\" \/>\n\t<meta name=\"twitter:data1\" content=\"1 minuta\" \/>\n<script type=\"application\/ld+json\" class=\"yoast-schema-graph\">{\"@context\":\"https:\\\/\\\/schema.org\",\"@graph\":[{\"@type\":[\"Article\",\"BlogPosting\"],\"@id\":\"https:\\\/\\\/fotografiaikawa.pl\\\/index.php\\\/o-mnie-2\\\/#article\",\"isPartOf\":{\"@id\":\"https:\\\/\\\/fotografiaikawa.pl\\\/index.php\\\/o-mnie-2\\\/\"},\"author\":{\"name\":\"Fotografia i kawa\",\"@id\":\"https:\\\/\\\/fotografiaikawa.pl\\\/#\\\/schema\\\/person\\\/a18c263cd591065ed4c6961861bf6261\"},\"headline\":\"Blog\",\"datePublished\":\"2025-07-21T17:05:42+00:00\",\"dateModified\":\"2025-09-17T16:49:08+00:00\",\"mainEntityOfPage\":{\"@id\":\"https:\\\/\\\/fotografiaikawa.pl\\\/index.php\\\/o-mnie-2\\\/\"},\"wordCount\":212,\"publisher\":{\"@id\":\"https:\\\/\\\/fotografiaikawa.pl\\\/#\\\/schema\\\/person\\\/a18c263cd591065ed4c6961861bf6261\"},\"image\":{\"@id\":\"https:\\\/\\\/fotografiaikawa.pl\\\/index.php\\\/o-mnie-2\\\/#primaryimage\"},\"thumbnailUrl\":\"https:\\\/\\\/fotografiaikawa.pl\\\/wp-content\\\/uploads\\\/2025\\\/08\\\/o-mnie-768x1024.jpg\",\"inLanguage\":\"pl-PL\"},{\"@type\":\"WebPage\",\"@id\":\"https:\\\/\\\/fotografiaikawa.pl\\\/index.php\\\/o-mnie-2\\\/\",\"url\":\"https:\\\/\\\/fotografiaikawa.pl\\\/index.php\\\/o-mnie-2\\\/\",\"name\":\"Blog - widoki z mojego okna\",\"isPartOf\":{\"@id\":\"https:\\\/\\\/fotografiaikawa.pl\\\/#website\"},\"primaryImageOfPage\":{\"@id\":\"https:\\\/\\\/fotografiaikawa.pl\\\/index.php\\\/o-mnie-2\\\/#primaryimage\"},\"image\":{\"@id\":\"https:\\\/\\\/fotografiaikawa.pl\\\/index.php\\\/o-mnie-2\\\/#primaryimage\"},\"thumbnailUrl\":\"https:\\\/\\\/fotografiaikawa.pl\\\/wp-content\\\/uploads\\\/2025\\\/08\\\/o-mnie-768x1024.jpg\",\"datePublished\":\"2025-07-21T17:05:42+00:00\",\"dateModified\":\"2025-09-17T16:49:08+00:00\",\"description\":\"Jestem fotografk\u0105 z zami\u0142owaniem do podr\u00f3\u017cy. Tworze obrazy z wypraw i dziel\u0119 si\u0119 nimi tutaj. Sprawd\u017a kim jestem, i co robi\u0119.\",\"breadcrumb\":{\"@id\":\"https:\\\/\\\/fotografiaikawa.pl\\\/index.php\\\/o-mnie-2\\\/#breadcrumb\"},\"inLanguage\":\"pl-PL\",\"potentialAction\":[{\"@type\":\"ReadAction\",\"target\":[\"https:\\\/\\\/fotografiaikawa.pl\\\/index.php\\\/o-mnie-2\\\/\"]}]},{\"@type\":\"ImageObject\",\"inLanguage\":\"pl-PL\",\"@id\":\"https:\\\/\\\/fotografiaikawa.pl\\\/index.php\\\/o-mnie-2\\\/#primaryimage\",\"url\":\"https:\\\/\\\/fotografiaikawa.pl\\\/wp-content\\\/uploads\\\/2025\\\/08\\\/o-mnie.jpg\",\"contentUrl\":\"https:\\\/\\\/fotografiaikawa.pl\\\/wp-content\\\/uploads\\\/2025\\\/08\\\/o-mnie.jpg\",\"width\":1530,\"height\":2040,\"caption\":\"fotografia i kawa widoki z mojego okna\"},{\"@type\":\"BreadcrumbList\",\"@id\":\"https:\\\/\\\/fotografiaikawa.pl\\\/index.php\\\/o-mnie-2\\\/#breadcrumb\",\"itemListElement\":[{\"@type\":\"ListItem\",\"position\":1,\"name\":\"Home\",\"item\":\"https:\\\/\\\/fotografiaikawa.pl\\\/\"},{\"@type\":\"ListItem\",\"position\":2,\"name\":\"Blog\"}]},{\"@type\":\"WebSite\",\"@id\":\"https:\\\/\\\/fotografiaikawa.pl\\\/#website\",\"url\":\"https:\\\/\\\/fotografiaikawa.pl\\\/\",\"name\":\"fotografiaikawa.pl\",\"description\":\"\",\"publisher\":{\"@id\":\"https:\\\/\\\/fotografiaikawa.pl\\\/#\\\/schema\\\/person\\\/a18c263cd591065ed4c6961861bf6261\"},\"alternateName\":\"fotografia i kawa\",\"potentialAction\":[{\"@type\":\"SearchAction\",\"target\":{\"@type\":\"EntryPoint\",\"urlTemplate\":\"https:\\\/\\\/fotografiaikawa.pl\\\/?s={search_term_string}\"},\"query-input\":{\"@type\":\"PropertyValueSpecification\",\"valueRequired\":true,\"valueName\":\"search_term_string\"}}],\"inLanguage\":\"pl-PL\"},{\"@type\":[\"Person\",\"Organization\"],\"@id\":\"https:\\\/\\\/fotografiaikawa.pl\\\/#\\\/schema\\\/person\\\/a18c263cd591065ed4c6961861bf6261\",\"name\":\"Fotografia i kawa\",\"image\":{\"@type\":\"ImageObject\",\"inLanguage\":\"pl-PL\",\"@id\":\"https:\\\/\\\/secure.gravatar.com\\\/avatar\\\/6541f644f50dfdf6caed258f365bfa92a051a86bed05bb3d187ba7b67e9ca971?s=96&d=initials&r=g&initials=ga\",\"url\":\"https:\\\/\\\/secure.gravatar.com\\\/avatar\\\/6541f644f50dfdf6caed258f365bfa92a051a86bed05bb3d187ba7b67e9ca971?s=96&d=initials&r=g&initials=ga\",\"contentUrl\":\"https:\\\/\\\/secure.gravatar.com\\\/avatar\\\/6541f644f50dfdf6caed258f365bfa92a051a86bed05bb3d187ba7b67e9ca971?s=96&d=initials&r=g&initials=ga\",\"caption\":\"Fotografia i kawa\"},\"logo\":{\"@id\":\"https:\\\/\\\/secure.gravatar.com\\\/avatar\\\/6541f644f50dfdf6caed258f365bfa92a051a86bed05bb3d187ba7b67e9ca971?s=96&d=initials&r=g&initials=ga\"},\"sameAs\":[\"http:\\\/\\\/fotografiaikawa.pl\",\"https:\\\/\\\/www.instagram.com\\\/fotografia_i_kawa\\\/#\",\"https:\\\/\\\/pinterest.com\\\/fotografiaikawa\"],\"url\":\"https:\\\/\\\/fotografiaikawa.pl\\\/index.php\\\/author\\\/admin4203\\\/\"}]}<\/script>\n<!-- \/ Yoast SEO plugin. -->","yoast_head_json":{"title":"Blog - widoki z mojego okna","description":"Jestem fotografk\u0105 z zami\u0142owaniem do podr\u00f3\u017cy. Tworze obrazy z wypraw i dziel\u0119 si\u0119 nimi tutaj. Sprawd\u017a kim jestem, i co robi\u0119.","robots":{"index":"index","follow":"follow","max-snippet":"max-snippet:-1","max-image-preview":"max-image-preview:large","max-video-preview":"max-video-preview:-1"},"canonical":"https:\/\/fotografiaikawa.pl\/index.php\/o-mnie-2\/","og_locale":"pl_PL","og_type":"article","og_title":"Blog - widoki z mojego okna","og_description":"Jestem fotografk\u0105 z zami\u0142owaniem do podr\u00f3\u017cy. Tworze obrazy z wypraw i dziel\u0119 si\u0119 nimi tutaj. Sprawd\u017a kim jestem, i co robi\u0119.","og_url":"https:\/\/fotografiaikawa.pl\/index.php\/o-mnie-2\/","article_modified_time":"2025-09-17T16:49:08+00:00","og_image":[{"width":768,"height":1024,"url":"https:\/\/fotografiaikawa.pl\/wp-content\/uploads\/2025\/08\/o-mnie-768x1024.jpg","type":"image\/jpeg"}],"twitter_card":"summary_large_image","twitter_misc":{"Szacowany czas czytania":"1 minuta"},"schema":{"@context":"https:\/\/schema.org","@graph":[{"@type":["Article","BlogPosting"],"@id":"https:\/\/fotografiaikawa.pl\/index.php\/o-mnie-2\/#article","isPartOf":{"@id":"https:\/\/fotografiaikawa.pl\/index.php\/o-mnie-2\/"},"author":{"name":"Fotografia i kawa","@id":"https:\/\/fotografiaikawa.pl\/#\/schema\/person\/a18c263cd591065ed4c6961861bf6261"},"headline":"Blog","datePublished":"2025-07-21T17:05:42+00:00","dateModified":"2025-09-17T16:49:08+00:00","mainEntityOfPage":{"@id":"https:\/\/fotografiaikawa.pl\/index.php\/o-mnie-2\/"},"wordCount":212,"publisher":{"@id":"https:\/\/fotografiaikawa.pl\/#\/schema\/person\/a18c263cd591065ed4c6961861bf6261"},"image":{"@id":"https:\/\/fotografiaikawa.pl\/index.php\/o-mnie-2\/#primaryimage"},"thumbnailUrl":"https:\/\/fotografiaikawa.pl\/wp-content\/uploads\/2025\/08\/o-mnie-768x1024.jpg","inLanguage":"pl-PL"},{"@type":"WebPage","@id":"https:\/\/fotografiaikawa.pl\/index.php\/o-mnie-2\/","url":"https:\/\/fotografiaikawa.pl\/index.php\/o-mnie-2\/","name":"Blog - widoki z mojego okna","isPartOf":{"@id":"https:\/\/fotografiaikawa.pl\/#website"},"primaryImageOfPage":{"@id":"https:\/\/fotografiaikawa.pl\/index.php\/o-mnie-2\/#primaryimage"},"image":{"@id":"https:\/\/fotografiaikawa.pl\/index.php\/o-mnie-2\/#primaryimage"},"thumbnailUrl":"https:\/\/fotografiaikawa.pl\/wp-content\/uploads\/2025\/08\/o-mnie-768x1024.jpg","datePublished":"2025-07-21T17:05:42+00:00","dateModified":"2025-09-17T16:49:08+00:00","description":"Jestem fotografk\u0105 z zami\u0142owaniem do podr\u00f3\u017cy. Tworze obrazy z wypraw i dziel\u0119 si\u0119 nimi tutaj. Sprawd\u017a kim jestem, i co robi\u0119.","breadcrumb":{"@id":"https:\/\/fotografiaikawa.pl\/index.php\/o-mnie-2\/#breadcrumb"},"inLanguage":"pl-PL","potentialAction":[{"@type":"ReadAction","target":["https:\/\/fotografiaikawa.pl\/index.php\/o-mnie-2\/"]}]},{"@type":"ImageObject","inLanguage":"pl-PL","@id":"https:\/\/fotografiaikawa.pl\/index.php\/o-mnie-2\/#primaryimage","url":"https:\/\/fotografiaikawa.pl\/wp-content\/uploads\/2025\/08\/o-mnie.jpg","contentUrl":"https:\/\/fotografiaikawa.pl\/wp-content\/uploads\/2025\/08\/o-mnie.jpg","width":1530,"height":2040,"caption":"fotografia i kawa widoki z mojego okna"},{"@type":"BreadcrumbList","@id":"https:\/\/fotografiaikawa.pl\/index.php\/o-mnie-2\/#breadcrumb","itemListElement":[{"@type":"ListItem","position":1,"name":"Home","item":"https:\/\/fotografiaikawa.pl\/"},{"@type":"ListItem","position":2,"name":"Blog"}]},{"@type":"WebSite","@id":"https:\/\/fotografiaikawa.pl\/#website","url":"https:\/\/fotografiaikawa.pl\/","name":"fotografiaikawa.pl","description":"","publisher":{"@id":"https:\/\/fotografiaikawa.pl\/#\/schema\/person\/a18c263cd591065ed4c6961861bf6261"},"alternateName":"fotografia i kawa","potentialAction":[{"@type":"SearchAction","target":{"@type":"EntryPoint","urlTemplate":"https:\/\/fotografiaikawa.pl\/?s={search_term_string}"},"query-input":{"@type":"PropertyValueSpecification","valueRequired":true,"valueName":"search_term_string"}}],"inLanguage":"pl-PL"},{"@type":["Person","Organization"],"@id":"https:\/\/fotografiaikawa.pl\/#\/schema\/person\/a18c263cd591065ed4c6961861bf6261","name":"Fotografia i kawa","image":{"@type":"ImageObject","inLanguage":"pl-PL","@id":"https:\/\/secure.gravatar.com\/avatar\/6541f644f50dfdf6caed258f365bfa92a051a86bed05bb3d187ba7b67e9ca971?s=96&d=initials&r=g&initials=ga","url":"https:\/\/secure.gravatar.com\/avatar\/6541f644f50dfdf6caed258f365bfa92a051a86bed05bb3d187ba7b67e9ca971?s=96&d=initials&r=g&initials=ga","contentUrl":"https:\/\/secure.gravatar.com\/avatar\/6541f644f50dfdf6caed258f365bfa92a051a86bed05bb3d187ba7b67e9ca971?s=96&d=initials&r=g&initials=ga","caption":"Fotografia i kawa"},"logo":{"@id":"https:\/\/secure.gravatar.com\/avatar\/6541f644f50dfdf6caed258f365bfa92a051a86bed05bb3d187ba7b67e9ca971?s=96&d=initials&r=g&initials=ga"},"sameAs":["http:\/\/fotografiaikawa.pl","https:\/\/www.instagram.com\/fotografia_i_kawa\/#","https:\/\/pinterest.com\/fotografiaikawa"],"url":"https:\/\/fotografiaikawa.pl\/index.php\/author\/admin4203\/"}]}},"_links":{"self":[{"href":"https:\/\/fotografiaikawa.pl\/index.php\/wp-json\/wp\/v2\/pages\/111","targetHints":{"allow":["GET"]}}],"collection":[{"href":"https:\/\/fotografiaikawa.pl\/index.php\/wp-json\/wp\/v2\/pages"}],"about":[{"href":"https:\/\/fotografiaikawa.pl\/index.php\/wp-json\/wp\/v2\/types\/page"}],"author":[{"embeddable":true,"href":"https:\/\/fotografiaikawa.pl\/index.php\/wp-json\/wp\/v2\/users\/1"}],"replies":[{"embeddable":true,"href":"https:\/\/fotografiaikawa.pl\/index.php\/wp-json\/wp\/v2\/comments?post=111"}],"version-history":[{"count":38,"href":"https:\/\/fotografiaikawa.pl\/index.php\/wp-json\/wp\/v2\/pages\/111\/revisions"}],"predecessor-version":[{"id":464,"href":"https:\/\/fotografiaikawa.pl\/index.php\/wp-json\/wp\/v2\/pages\/111\/revisions\/464"}],"wp:attachment":[{"href":"https:\/\/fotografiaikawa.pl\/index.php\/wp-json\/wp\/v2\/media?parent=111"}],"curies":[{"name":"wp","href":"https:\/\/api.w.org\/{rel}","templated":true}]}}